{"id":13,"date":"2016-06-26T23:14:54","date_gmt":"2016-06-27T02:14:54","guid":{"rendered":"http:\/\/clinicamariomonteiro.com.br\/site\/?page_id=13"},"modified":"2020-06-29T18:10:32","modified_gmt":"2020-06-29T21:10:32","slug":"neuroftalmologia","status":"publish","type":"page","link":"https:\/\/clinicamariomonteiro.com.br\/site\/neuroftalmologia\/","title":{"rendered":"Neuroftalmologia"},"content":{"rendered":"\n<style type=\"text\/css\" data-created_by=\"avia_inline_auto\" id=\"style-css-av-4bczl-60246a21422feb8f8a13ad94b814181e\">\n.flex_column.av-4bczl-60246a21422feb8f8a13ad94b814181e{\nborder-radius:0px 0px 0px 0px;\npadding:0px 0px 0px 0px;\n}\n<\/style>\n<div  class='flex_column av-4bczl-60246a21422feb8f8a13ad94b814181e av_one_full  avia-builder-el-0  el_before_av_one_full  avia-builder-el-first  first flex_column_div av-zero-column-padding  '     ><p>\n<style type=\"text\/css\" data-created_by=\"avia_inline_auto\" id=\"style-css-av-kc0zmwhr-fd4ecdd937918befe792c600e2b4d1b7\">\n#top .av-special-heading.av-kc0zmwhr-fd4ecdd937918befe792c600e2b4d1b7{\npadding-bottom:10px;\n}\nbody .av-special-heading.av-kc0zmwhr-fd4ecdd937918befe792c600e2b4d1b7 .av-special-heading-tag .heading-char{\nfont-size:25px;\n}\n.av-special-heading.av-kc0zmwhr-fd4ecdd937918befe792c600e2b4d1b7 .av-subheading{\nfont-size:15px;\n}\n<\/style>\n<div  class='av-special-heading av-kc0zmwhr-fd4ecdd937918befe792c600e2b4d1b7 av-special-heading-h2 blockquote modern-quote modern-centered  avia-builder-el-1  el_before_av_hr  avia-builder-el-first  av-linked-heading'><h2 class='av-special-heading-tag '  itemprop=\"headline\"  >Neuroftalmologia<\/h2><div class=\"special-heading-border\"><div class=\"special-heading-inner-border\"><\/div><\/div><\/div><br \/>\n\n<style type=\"text\/css\" data-created_by=\"avia_inline_auto\" id=\"style-css-av-jnb352s4-f503860728d6070343ef22c51c075749\">\n#top .hr.av-jnb352s4-f503860728d6070343ef22c51c075749{\nmargin-top:0px;\nmargin-bottom:25px;\n}\n.hr.av-jnb352s4-f503860728d6070343ef22c51c075749 .hr-inner{\nwidth:100%;\nborder-color:#cccacc;\n}\n<\/style>\n<div  class='hr av-jnb352s4-f503860728d6070343ef22c51c075749 hr-custom  avia-builder-el-2  el_after_av_heading  avia-builder-el-last  hr-center hr-icon-no'><span class='hr-inner inner-border-av-border-thin'><span class=\"hr-inner-style\"><\/span><\/span><\/div><\/p><\/div>\n\n<style type=\"text\/css\" data-created_by=\"avia_inline_auto\" id=\"style-css-av-3qt3h-0cf87c29ad2071b96d631f6a9f450bae\">\n#top .flex_column.av-3qt3h-0cf87c29ad2071b96d631f6a9f450bae{\nmargin-top:0px;\nmargin-bottom:0px;\n}\n.flex_column.av-3qt3h-0cf87c29ad2071b96d631f6a9f450bae{\nborder-radius:0px 0px 0px 0px;\npadding:0px 0px 0px 0px;\n}\n.responsive #top #wrap_all .flex_column.av-3qt3h-0cf87c29ad2071b96d631f6a9f450bae{\nmargin-top:0px;\nmargin-bottom:0px;\n}\n<\/style>\n<div  class='flex_column av-3qt3h-0cf87c29ad2071b96d631f6a9f450bae av_one_full  avia-builder-el-3  el_after_av_one_full  el_before_av_one_full  first flex_column_div av-zero-column-padding  column-top-margin'     ><p>\n<style type=\"text\/css\" data-created_by=\"avia_inline_auto\" id=\"style-css-av-kc0zlg5a-7a49cd78501cff1755b486f25180312e\">\n#top .av-special-heading.av-kc0zlg5a-7a49cd78501cff1755b486f25180312e{\npadding-bottom:10px;\n}\nbody .av-special-heading.av-kc0zlg5a-7a49cd78501cff1755b486f25180312e .av-special-heading-tag .heading-char{\nfont-size:25px;\n}\n.av-special-heading.av-kc0zlg5a-7a49cd78501cff1755b486f25180312e .av-subheading{\nfont-size:15px;\n}\n<\/style>\n<div  class='av-special-heading av-kc0zlg5a-7a49cd78501cff1755b486f25180312e av-special-heading-h3 blockquote modern-quote  avia-builder-el-4  el_before_av_textblock  avia-builder-el-first  av-linked-heading'><h3 class='av-special-heading-tag '  itemprop=\"headline\"  >O que \u00e9?<\/h3><div class=\"special-heading-border\"><div class=\"special-heading-inner-border\"><\/div><\/div><\/div><br \/>\n<section  class='av_textblock_section av-jnb2wdc4-2ed1ebf3b1d328ebdc5642f45f70096a '   itemscope=\"itemscope\" itemtype=\"https:\/\/schema.org\/CreativeWork\" ><div class='avia_textblock'  itemprop=\"text\" ><p><span style=\"font-weight: 400;\">A neuroftalmologia \u00e9 a subespecialidade da medicina que trata dos problemas visuais relacionados ao sistema nervoso central, ou seja, problemas que envolvem a vis\u00e3o e n\u00e3o tem origem no olho propriamente dito e sim no sistema nervoso central. Lida tamb\u00e9m com repercuss\u00f5es oculares de doen\u00e7as neurol\u00f3gicas.<\/span><\/p>\n<p><span style=\"font-weight: 400;\">Grande parte do sistema nervoso central \u00e9 relacionado com a vis\u00e3o e com os movimentos dos olhos e das p\u00e1lpebras. Assim uma s\u00e9rie de condi\u00e7\u00f5es podem ocasionar perda visual, vis\u00e3o dupla, dificuldade na movimenta\u00e7\u00e3o ocular ou mesmo altera\u00e7\u00f5es no controle das pupilas tem origem n\u00e3o no olho propriamente dito e sim em outras \u00e1reas do sistema nervoso. Al\u00e9m disso, altera\u00e7\u00f5es visuais podem ser a primeira manifesta\u00e7\u00e3o de doen\u00e7as neurol\u00f3gicas ou sist\u00eamicas e quando analisadas adequadamente podem auxiliar no seu diagn\u00f3stico precoce. Por outro lado, com certa frequ\u00eancia existem confus\u00f5es diagn\u00f3sticas, quadros nos quais os achados cl\u00ednicos ou de exames complementares sugerem uma doen\u00e7a neurol\u00f3gica e na verdade se tratam de combina\u00e7\u00f5es de achados que mimetizam tais afec\u00e7\u00f5es.<\/span><\/p>\n<\/div><\/section><\/p><\/div>\n\n<style type=\"text\/css\" data-created_by=\"avia_inline_auto\" id=\"style-css-av-32959-5f8f2e16164b9cc989745544283d8070\">\n#top .flex_column.av-32959-5f8f2e16164b9cc989745544283d8070{\nmargin-top:15px;\nmargin-bottom:15px;\n}\n.flex_column.av-32959-5f8f2e16164b9cc989745544283d8070{\nborder-radius:0px 0px 0px 0px;\npadding:0px 0px 0px 0px;\n}\n.responsive #top #wrap_all .flex_column.av-32959-5f8f2e16164b9cc989745544283d8070{\nmargin-top:15px;\nmargin-bottom:15px;\n}\n<\/style>\n<div  class='flex_column av-32959-5f8f2e16164b9cc989745544283d8070 av_one_full  avia-builder-el-6  el_after_av_one_full  el_before_av_section  avia-builder-el-last  first flex_column_div av-zero-column-padding  column-top-margin'     ><p>\n<style type=\"text\/css\" data-created_by=\"avia_inline_auto\" id=\"style-css-av-kc0zlg5a-f6ac13564dc8a07868d3a814a22dc7a2\">\n#top .av-special-heading.av-kc0zlg5a-f6ac13564dc8a07868d3a814a22dc7a2{\npadding-bottom:10px;\n}\nbody .av-special-heading.av-kc0zlg5a-f6ac13564dc8a07868d3a814a22dc7a2 .av-special-heading-tag .heading-char{\nfont-size:25px;\n}\n.av-special-heading.av-kc0zlg5a-f6ac13564dc8a07868d3a814a22dc7a2 .av-subheading{\nfont-size:15px;\n}\n<\/style>\n<div  class='av-special-heading av-kc0zlg5a-f6ac13564dc8a07868d3a814a22dc7a2 av-special-heading-h3 blockquote modern-quote  avia-builder-el-7  el_before_av_textblock  avia-builder-el-first  av-linked-heading'><h3 class='av-special-heading-tag '  itemprop=\"headline\"  >Qual a pr\u00e1tica da neuroftalmologia?<\/h3><div class=\"special-heading-border\"><div class=\"special-heading-inner-border\"><\/div><\/div><\/div><br \/>\n<section  class='av_textblock_section av-jnb2wdc4-2ed1ebf3b1d328ebdc5642f45f70096a '   itemscope=\"itemscope\" itemtype=\"https:\/\/schema.org\/CreativeWork\" ><div class='avia_textblock'  itemprop=\"text\" ><p><span style=\"font-weight: 400;\">A pr\u00e1tica da neuroftalmologia exige assim um conhecimento especializado tanto em problemas oftalmol\u00f3gicos como neurol\u00f3gicos, usualmente ap\u00f3s o m\u00e9dico ter se especializado em oftalmologia ou neurologia e sendo necess\u00e1rio ainda um treinamento adicional direcionado especificamente para a \u00e1rea. Neuroftalmologistas geralmente s\u00e3o membros atuantes em universidades ou grandes centros m\u00e9dicos e frequentemente interagem com outras \u00e1reas da medicina al\u00e9m da oftalmologia e neurologia tais como a endocrinologia, a reumatologia, oncologia, cardiologia, etc. Nos servi\u00e7os universit\u00e1rios os neuroftalmologistas frequentemente representam um importante elo de liga\u00e7\u00e3o entre a oftalmologia e as outras \u00e1reas da medicina.<\/span><\/p>\n<p><span style=\"font-weight: 400;\">Durante a avalia\u00e7\u00e3o neuroftalmol\u00f3gica o m\u00e9dico analisa detalhadamente a hist\u00f3ria cl\u00ednica atual e pregressa do paciente, realiza um exame detalhado do sistema visual incluindo al\u00e9m do exame oftalmol\u00f3gico completo exames espec\u00edficos da motilidade ocular e das p\u00e1lpebras, das rea\u00e7\u00f5es pupilares, do fundo de olho e do campo visual. Al\u00e9m disso o m\u00e9dico analisa achados anteriores, dados de exames oftalmol\u00f3gicos pr\u00e9vios, exames laboratoriais e de neuroimagem como a imagem por resson\u00e2ncia magn\u00e9tica e a tomografia computadorizada. Frequentemente os pacientes que s\u00e3o encaminhados para exame neuroftalmol\u00f3gico j\u00e1 foram vistos por um ou mais m\u00e9dicos oftalmologistas e\/ou neurologistas.<\/span><\/p>\n<p><span style=\"font-weight: 400;\">Grande parte das doen\u00e7as em neuroftalmologia dizem respeito a perda visual, tanto da acuidade visual como do campo visual e podem ser decorrentes de doen\u00e7as inflamat\u00f3rias, circulat\u00f3rias, tumorais, heredit\u00e1rias ou degenerativas acometendo a parte do sistema nervoso relacionada a vis\u00e3o.<\/span><\/p>\n<\/div><\/section><\/p><\/div>\n<\/div><\/div><\/div><!-- close content main div --><\/div><\/div>\n<style type=\"text\/css\" data-created_by=\"avia_inline_auto\" id=\"style-css-av-jnb3kp2v-d6f131031f2de242aed7a7721b98ddd6\">\n.avia-section.av-jnb3kp2v-d6f131031f2de242aed7a7721b98ddd6{\nbackground-color:#074c7d;\nbackground-image:unset;\n}\n<\/style>\n<div id='av_section_1'  class='avia-section av-jnb3kp2v-d6f131031f2de242aed7a7721b98ddd6 main_color avia-section-default avia-no-border-styling  avia-builder-el-9  el_after_av_one_full  el_before_av_heading  avia-bg-style-scroll container_wrap fullsize'  ><div class='container av-section-cont-open' ><div class='template-page content  av-content-full alpha units'><div class='post-entry post-entry-type-page post-entry-13'><div class='entry-content-wrapper clearfix'>\n\n<style type=\"text\/css\" data-created_by=\"avia_inline_auto\" id=\"style-css-av-jrtukb4r-69ee22d21b26e1512adb21b311678f19\">\n#top .av-special-heading.av-jrtukb4r-69ee22d21b26e1512adb21b311678f19{\npadding-bottom:30px;\ncolor:#ffffff;\n}\nbody .av-special-heading.av-jrtukb4r-69ee22d21b26e1512adb21b311678f19 .av-special-heading-tag .heading-char{\nfont-size:25px;\n}\n.av-special-heading.av-jrtukb4r-69ee22d21b26e1512adb21b311678f19 .special-heading-inner-border{\nborder-color:#ffffff;\n}\n.av-special-heading.av-jrtukb4r-69ee22d21b26e1512adb21b311678f19 .av-subheading{\nfont-size:15px;\n}\n<\/style>\n<div  class='av-special-heading av-jrtukb4r-69ee22d21b26e1512adb21b311678f19 av-special-heading-h3 custom-color-heading blockquote modern-quote modern-centered  avia-builder-el-10  el_before_av_one_half  avia-builder-el-first '><h3 class='av-special-heading-tag '  itemprop=\"headline\"  >PRINCIPAIS DOEN\u00c7AS DA VIA \u00d3PTICA<\/h3><div class=\"special-heading-border\"><div class=\"special-heading-inner-border\"><\/div><\/div><\/div>\n\n<style type=\"text\/css\" data-created_by=\"avia_inline_auto\" id=\"style-css-av-2id0p-3464e27c6262bb9df57e0a002bd4981d\">\n.flex_column.av-2id0p-3464e27c6262bb9df57e0a002bd4981d{\nborder-radius:0px 0px 0px 0px;\npadding:0px 0px 0px 0px;\n}\n<\/style>\n<div  class='flex_column av-2id0p-3464e27c6262bb9df57e0a002bd4981d av_one_half  avia-builder-el-11  el_after_av_heading  el_before_av_one_half  first flex_column_div av-zero-column-padding  '     ><style type=\"text\/css\" data-created_by=\"avia_inline_auto\" id=\"style-css-av-jnb32rw6-4bfe14845a77819890b70e91a8cb9389\">\n#top .av_textblock_section.av-jnb32rw6-4bfe14845a77819890b70e91a8cb9389 .avia_textblock{\ncolor:#ffffff;\n}\n<\/style>\n<section  class='av_textblock_section av-jnb32rw6-4bfe14845a77819890b70e91a8cb9389 '   itemscope=\"itemscope\" itemtype=\"https:\/\/schema.org\/CreativeWork\" ><div class='avia_textblock av_inherit_color'  itemprop=\"text\" ><ul>\n<li><span style=\"color: #ffffff;\">Neurite \u00f3ptica<\/span><\/li>\n<li><span style=\"font-weight: 400; color: #ffffff;\">Neuropatia \u00f3ptica isqu\u00eamica<\/span><\/li>\n<li><span style=\"font-weight: 400; color: #ffffff;\">Papiledema e pseudo-papiledema<\/span><\/li>\n<li><span style=\"font-weight: 400; color: #ffffff;\">S\u00edndrome do pseudotumor cerebral<\/span><\/li>\n<li><span style=\"font-weight: 400; color: #ffffff;\">Doen\u00e7as compressivas que acometem os nervos \u00f3pticos ou o quiasma \u00f3ptico<\/span><\/li>\n<li><span style=\"font-weight: 400; color: #ffffff;\">Tumores do nervo \u00f3ptico e da \u00f3rbita<\/span><\/li>\n<\/ul>\n<\/div><\/section><\/div>\n<style type=\"text\/css\" data-created_by=\"avia_inline_auto\" id=\"style-css-av-20jcp-33f60ca14629cddf7c583e355bd0b70d\">\n.flex_column.av-20jcp-33f60ca14629cddf7c583e355bd0b70d{\nborder-radius:0px 0px 0px 0px;\npadding:0px 0px 0px 0px;\n}\n<\/style>\n<div  class='flex_column av-20jcp-33f60ca14629cddf7c583e355bd0b70d av_one_half  avia-builder-el-13  el_after_av_one_half  avia-builder-el-last  flex_column_div av-zero-column-padding  '     ><style type=\"text\/css\" data-created_by=\"avia_inline_auto\" id=\"style-css-av-jnb32rw6-4bfe14845a77819890b70e91a8cb9389\">\n#top .av_textblock_section.av-jnb32rw6-4bfe14845a77819890b70e91a8cb9389 .avia_textblock{\ncolor:#ffffff;\n}\n<\/style>\n<section  class='av_textblock_section av-jnb32rw6-4bfe14845a77819890b70e91a8cb9389 '   itemscope=\"itemscope\" itemtype=\"https:\/\/schema.org\/CreativeWork\" ><div class='avia_textblock av_inherit_color'  itemprop=\"text\" ><ul>\n<li><span style=\"font-weight: 400; color: #ffffff;\">Repercuss\u00f5es visuais dos tumores da gl\u00e2ndula hip\u00f3fise<\/span><\/li>\n<li><span style=\"font-weight: 400; color: #ffffff;\">Manifesta\u00e7\u00f5es visuais da esclerose m\u00faltipla<\/span><\/li>\n<li><span style=\"font-weight: 400; color: #ffffff;\">Altera\u00e7\u00f5es visuais da hipertens\u00e3o intracraniana e de acidentes vasculares cerebrais<\/span><\/li>\n<li><span style=\"font-weight: 400; color: #ffffff;\">Alucina\u00e7\u00f5es visuais<\/span><\/li>\n<li><span style=\"font-weight: 400; color: #ffffff;\">Doen\u00e7as traum\u00e1ticas, t\u00f3xicas e carenciais acometendo a via \u00f3ptica<\/span><\/li>\n<li><span style=\"font-weight: 400; color: #ffffff;\">Neuropatias \u00f3pticas heredit\u00e1rias como a atrofia \u00f3ptica dominante e a doen\u00e7a de Leber.<\/span><\/li>\n<\/ul>\n<\/div><\/section><\/div>\n<\/div><\/div><\/div><!-- close content main div --><\/div><\/div><div id='after_section_1'  class='main_color av_default_container_wrap container_wrap fullsize'  ><div class='container av-section-cont-open' ><div class='template-page content  av-content-full alpha units'><div class='post-entry post-entry-type-page post-entry-13'><div class='entry-content-wrapper clearfix'>\n\n<style type=\"text\/css\" data-created_by=\"avia_inline_auto\" id=\"style-css-av-av_heading-e83fb772243f83f1724b261ae25539d9\">\n#top .av-special-heading.av-av_heading-e83fb772243f83f1724b261ae25539d9{\npadding-bottom:30px;\n}\nbody .av-special-heading.av-av_heading-e83fb772243f83f1724b261ae25539d9 .av-special-heading-tag .heading-char{\nfont-size:25px;\n}\n.av-special-heading.av-av_heading-e83fb772243f83f1724b261ae25539d9 .av-subheading{\nfont-size:15px;\n}\n<\/style>\n<div  class='av-special-heading av-av_heading-e83fb772243f83f1724b261ae25539d9 av-special-heading-h3 blockquote modern-quote modern-centered  avia-builder-el-15  el_after_av_section  el_before_av_one_half  avia-builder-el-first  av-linked-heading'><h3 class='av-special-heading-tag '  itemprop=\"headline\"  >ALTERA\u00c7\u00d5ES DA MOVIMENTA\u00c7\u00c3O OCULAR E DAS P\u00c1LPEBRAS<\/h3><div class=\"special-heading-border\"><div class=\"special-heading-inner-border\"><\/div><\/div><\/div>\n\n<style type=\"text\/css\" data-created_by=\"avia_inline_auto\" id=\"style-css-av-rci1-32415180da28e225bb4425ee9aa2bd60\">\n.flex_column.av-rci1-32415180da28e225bb4425ee9aa2bd60{\nborder-radius:0px 0px 0px 0px;\npadding:0px 0px 0px 0px;\n}\n<\/style>\n<div  class='flex_column av-rci1-32415180da28e225bb4425ee9aa2bd60 av_one_half  avia-builder-el-16  el_after_av_heading  el_before_av_one_half  first flex_column_div av-zero-column-padding  '     ><section  class='av_textblock_section av-jnb32rw6-9fcbc90afa28546fa2629673ffff8f42 '   itemscope=\"itemscope\" itemtype=\"https:\/\/schema.org\/CreativeWork\" ><div class='avia_textblock'  itemprop=\"text\" ><p>Doen\u00e7as que causam vis\u00e3o dupla ou dificuldade na movimenta\u00e7\u00e3o dos olhos, oscila\u00e7\u00f5es indesej\u00e1veis dos olhos, altera\u00e7\u00f5es na abertura e fechamento das p\u00e1lpebras. Incluem-se nesse grupo as seguintes condi\u00e7\u00f5es:<\/p>\n<\/div><\/section><\/div>\n\n<style type=\"text\/css\" data-created_by=\"avia_inline_auto\" id=\"style-css-av-rci1-3920434edbf52a72cfd34e648cb80405\">\n.flex_column.av-rci1-3920434edbf52a72cfd34e648cb80405{\nborder-radius:0px 0px 0px 0px;\npadding:0px 0px 0px 0px;\n}\n<\/style>\n<div  class='flex_column av-rci1-3920434edbf52a72cfd34e648cb80405 av_one_half  avia-builder-el-18  el_after_av_one_half  avia-builder-el-last  flex_column_div av-zero-column-padding  '     ><section  class='av_textblock_section av-jnb32rw6-6a8ee272fc0707bdf3577db27a800840 '   itemscope=\"itemscope\" itemtype=\"https:\/\/schema.org\/CreativeWork\" ><div class='avia_textblock'  itemprop=\"text\" ><ul>\n<li><span style=\"font-weight: 400;\">Paralisias do olhar<\/span><\/li>\n<li><span style=\"font-weight: 400;\">Nistagmo<\/span><\/li>\n<li><span style=\"font-weight: 400;\">Paralisias dos nervos oculomotor, troclear e abducente<\/span><\/li>\n<li><span style=\"font-weight: 400;\">Ptose palpebral<\/span><\/li>\n<li><span style=\"font-weight: 400;\">Estrabismo paral\u00edtico ou restritivo<\/span><\/li>\n<li><span style=\"font-weight: 400;\">Blefaroespasmo e espasmo hemifacial.<\/span><\/li>\n<\/ul>\n<\/div><\/section><\/div>\n","protected":false},"excerpt":{"rendered":"","protected":false},"author":3,"featured_media":0,"parent":0,"menu_order":0,"comment_status":"closed","ping_status":"closed","template":"","meta":{"footnotes":""},"class_list":["post-13","page","type-page","status-publish","hentry"],"yoast_head":"<!-- This site is optimized with the Yoast SEO plugin v26.6 - https:\/\/yoast.com\/wordpress\/plugins\/seo\/ -->\n<title>O que \u00e9 Neuroftalmologia - Cl\u00ednica M\u00e1rio Monteiro<\/title>\n<meta name=\"description\" content=\"A neuroftalmologia \u00e9 a subespecialidade da medicina que trata dos problemas visuais relacionados ao sistema nervoso central.\" \/>\n<meta name=\"robots\" content=\"index, follow, max-snippet:-1, max-image-preview:large, max-video-preview:-1\" \/>\n<link rel=\"canonical\" href=\"https:\/\/clinicamariomonteiro.com.br\/site\/neuroftalmologia\/\" \/>\n<meta property=\"og:locale\" content=\"pt_BR\" \/>\n<meta property=\"og:type\" content=\"article\" \/>\n<meta property=\"og:title\" content=\"O que \u00e9 Neuroftalmologia - Cl\u00ednica M\u00e1rio Monteiro\" \/>\n<meta property=\"og:description\" content=\"A neuroftalmologia \u00e9 a subespecialidade da medicina que trata dos problemas visuais relacionados ao sistema nervoso central.\" \/>\n<meta property=\"og:url\" content=\"https:\/\/clinicamariomonteiro.com.br\/site\/neuroftalmologia\/\" \/>\n<meta property=\"og:site_name\" content=\"Cl\u00ednica M\u00e1rio Monteiro\" \/>\n<meta property=\"article:modified_time\" content=\"2020-06-29T21:10:32+00:00\" \/>\n<meta name=\"twitter:card\" content=\"summary_large_image\" \/>\n<meta name=\"twitter:label1\" content=\"Est. tempo de leitura\" \/>\n\t<meta name=\"twitter:data1\" content=\"10 minutos\" \/>\n<script type=\"application\/ld+json\" class=\"yoast-schema-graph\">{\"@context\":\"https:\/\/schema.org\",\"@graph\":[{\"@type\":\"WebPage\",\"@id\":\"https:\/\/clinicamariomonteiro.com.br\/site\/neuroftalmologia\/\",\"url\":\"https:\/\/clinicamariomonteiro.com.br\/site\/neuroftalmologia\/\",\"name\":\"O que \u00e9 Neuroftalmologia - Cl\u00ednica M\u00e1rio Monteiro\",\"isPartOf\":{\"@id\":\"https:\/\/clinicamariomonteiro.com.br\/site\/#website\"},\"datePublished\":\"2016-06-27T02:14:54+00:00\",\"dateModified\":\"2020-06-29T21:10:32+00:00\",\"description\":\"A neuroftalmologia \u00e9 a subespecialidade da medicina que trata dos problemas visuais relacionados ao sistema nervoso central.\",\"breadcrumb\":{\"@id\":\"https:\/\/clinicamariomonteiro.com.br\/site\/neuroftalmologia\/#breadcrumb\"},\"inLanguage\":\"pt-BR\",\"potentialAction\":[{\"@type\":\"ReadAction\",\"target\":[\"https:\/\/clinicamariomonteiro.com.br\/site\/neuroftalmologia\/\"]}]},{\"@type\":\"BreadcrumbList\",\"@id\":\"https:\/\/clinicamariomonteiro.com.br\/site\/neuroftalmologia\/#breadcrumb\",\"itemListElement\":[{\"@type\":\"ListItem\",\"position\":1,\"name\":\"In\u00edcio\",\"item\":\"https:\/\/clinicamariomonteiro.com.br\/site\/\"},{\"@type\":\"ListItem\",\"position\":2,\"name\":\"Neuroftalmologia\"}]},{\"@type\":\"WebSite\",\"@id\":\"https:\/\/clinicamariomonteiro.com.br\/site\/#website\",\"url\":\"https:\/\/clinicamariomonteiro.com.br\/site\/\",\"name\":\"Cl\u00ednica M\u00e1rio Monteiro\",\"description\":\"Cl\u00ednica de oftalmologia, neuroftalmologia e doen\u00e7as da \u00f3rbita\",\"publisher\":{\"@id\":\"https:\/\/clinicamariomonteiro.com.br\/site\/#organization\"},\"potentialAction\":[{\"@type\":\"SearchAction\",\"target\":{\"@type\":\"EntryPoint\",\"urlTemplate\":\"https:\/\/clinicamariomonteiro.com.br\/site\/?s={search_term_string}\"},\"query-input\":{\"@type\":\"PropertyValueSpecification\",\"valueRequired\":true,\"valueName\":\"search_term_string\"}}],\"inLanguage\":\"pt-BR\"},{\"@type\":\"Organization\",\"@id\":\"https:\/\/clinicamariomonteiro.com.br\/site\/#organization\",\"name\":\"Cl\u00ednica Dr. M\u00e1rio Monteiro\",\"url\":\"https:\/\/clinicamariomonteiro.com.br\/site\/\",\"logo\":{\"@type\":\"ImageObject\",\"inLanguage\":\"pt-BR\",\"@id\":\"https:\/\/clinicamariomonteiro.com.br\/site\/#\/schema\/logo\/image\/\",\"url\":\"https:\/\/clinicamariomonteiro.com.br\/site\/wp-content\/uploads\/2016\/06\/logoClinica_cmm.png\",\"contentUrl\":\"https:\/\/clinicamariomonteiro.com.br\/site\/wp-content\/uploads\/2016\/06\/logoClinica_cmm.png\",\"width\":340,\"height\":156,\"caption\":\"Cl\u00ednica Dr. M\u00e1rio Monteiro\"},\"image\":{\"@id\":\"https:\/\/clinicamariomonteiro.com.br\/site\/#\/schema\/logo\/image\/\"}}]}<\/script>\n<!-- \/ Yoast SEO plugin. -->","yoast_head_json":{"title":"O que \u00e9 Neuroftalmologia - Cl\u00ednica M\u00e1rio Monteiro","description":"A neuroftalmologia \u00e9 a subespecialidade da medicina que trata dos problemas visuais relacionados ao sistema nervoso central.","robots":{"index":"index","follow":"follow","max-snippet":"max-snippet:-1","max-image-preview":"max-image-preview:large","max-video-preview":"max-video-preview:-1"},"canonical":"https:\/\/clinicamariomonteiro.com.br\/site\/neuroftalmologia\/","og_locale":"pt_BR","og_type":"article","og_title":"O que \u00e9 Neuroftalmologia - Cl\u00ednica M\u00e1rio Monteiro","og_description":"A neuroftalmologia \u00e9 a subespecialidade da medicina que trata dos problemas visuais relacionados ao sistema nervoso central.","og_url":"https:\/\/clinicamariomonteiro.com.br\/site\/neuroftalmologia\/","og_site_name":"Cl\u00ednica M\u00e1rio Monteiro","article_modified_time":"2020-06-29T21:10:32+00:00","twitter_card":"summary_large_image","twitter_misc":{"Est. tempo de leitura":"10 minutos"},"schema":{"@context":"https:\/\/schema.org","@graph":[{"@type":"WebPage","@id":"https:\/\/clinicamariomonteiro.com.br\/site\/neuroftalmologia\/","url":"https:\/\/clinicamariomonteiro.com.br\/site\/neuroftalmologia\/","name":"O que \u00e9 Neuroftalmologia - Cl\u00ednica M\u00e1rio Monteiro","isPartOf":{"@id":"https:\/\/clinicamariomonteiro.com.br\/site\/#website"},"datePublished":"2016-06-27T02:14:54+00:00","dateModified":"2020-06-29T21:10:32+00:00","description":"A neuroftalmologia \u00e9 a subespecialidade da medicina que trata dos problemas visuais relacionados ao sistema nervoso central.","breadcrumb":{"@id":"https:\/\/clinicamariomonteiro.com.br\/site\/neuroftalmologia\/#breadcrumb"},"inLanguage":"pt-BR","potentialAction":[{"@type":"ReadAction","target":["https:\/\/clinicamariomonteiro.com.br\/site\/neuroftalmologia\/"]}]},{"@type":"BreadcrumbList","@id":"https:\/\/clinicamariomonteiro.com.br\/site\/neuroftalmologia\/#breadcrumb","itemListElement":[{"@type":"ListItem","position":1,"name":"In\u00edcio","item":"https:\/\/clinicamariomonteiro.com.br\/site\/"},{"@type":"ListItem","position":2,"name":"Neuroftalmologia"}]},{"@type":"WebSite","@id":"https:\/\/clinicamariomonteiro.com.br\/site\/#website","url":"https:\/\/clinicamariomonteiro.com.br\/site\/","name":"Cl\u00ednica M\u00e1rio Monteiro","description":"Cl\u00ednica de oftalmologia, neuroftalmologia e doen\u00e7as da \u00f3rbita","publisher":{"@id":"https:\/\/clinicamariomonteiro.com.br\/site\/#organization"},"potentialAction":[{"@type":"SearchAction","target":{"@type":"EntryPoint","urlTemplate":"https:\/\/clinicamariomonteiro.com.br\/site\/?s={search_term_string}"},"query-input":{"@type":"PropertyValueSpecification","valueRequired":true,"valueName":"search_term_string"}}],"inLanguage":"pt-BR"},{"@type":"Organization","@id":"https:\/\/clinicamariomonteiro.com.br\/site\/#organization","name":"Cl\u00ednica Dr. M\u00e1rio Monteiro","url":"https:\/\/clinicamariomonteiro.com.br\/site\/","logo":{"@type":"ImageObject","inLanguage":"pt-BR","@id":"https:\/\/clinicamariomonteiro.com.br\/site\/#\/schema\/logo\/image\/","url":"https:\/\/clinicamariomonteiro.com.br\/site\/wp-content\/uploads\/2016\/06\/logoClinica_cmm.png","contentUrl":"https:\/\/clinicamariomonteiro.com.br\/site\/wp-content\/uploads\/2016\/06\/logoClinica_cmm.png","width":340,"height":156,"caption":"Cl\u00ednica Dr. M\u00e1rio Monteiro"},"image":{"@id":"https:\/\/clinicamariomonteiro.com.br\/site\/#\/schema\/logo\/image\/"}}]}},"_links":{"self":[{"href":"https:\/\/clinicamariomonteiro.com.br\/site\/wp-json\/wp\/v2\/pages\/13","targetHints":{"allow":["GET"]}}],"collection":[{"href":"https:\/\/clinicamariomonteiro.com.br\/site\/wp-json\/wp\/v2\/pages"}],"about":[{"href":"https:\/\/clinicamariomonteiro.com.br\/site\/wp-json\/wp\/v2\/types\/page"}],"author":[{"embeddable":true,"href":"https:\/\/clinicamariomonteiro.com.br\/site\/wp-json\/wp\/v2\/users\/3"}],"replies":[{"embeddable":true,"href":"https:\/\/clinicamariomonteiro.com.br\/site\/wp-json\/wp\/v2\/comments?post=13"}],"version-history":[{"count":18,"href":"https:\/\/clinicamariomonteiro.com.br\/site\/wp-json\/wp\/v2\/pages\/13\/revisions"}],"predecessor-version":[{"id":3971,"href":"https:\/\/clinicamariomonteiro.com.br\/site\/wp-json\/wp\/v2\/pages\/13\/revisions\/3971"}],"wp:attachment":[{"href":"https:\/\/clinicamariomonteiro.com.br\/site\/wp-json\/wp\/v2\/media?parent=13"}],"curies":[{"name":"wp","href":"https:\/\/api.w.org\/{rel}","templated":true}]}}