{"id":22,"date":"2016-06-26T23:16:10","date_gmt":"2016-06-27T02:16:10","guid":{"rendered":"http:\/\/clinicamariomonteiro.com.br\/site\/?page_id=22"},"modified":"2019-09-04T20:04:13","modified_gmt":"2019-09-04T23:04:13","slug":"contato","status":"publish","type":"page","link":"https:\/\/clinicamariomonteiro.com.br\/site\/contato\/","title":{"rendered":"Contato"},"content":{"rendered":"<div id='av_section_1'  class='avia-section av-rw12-e7c06be2408f1e7f398e666a342c4951 main_color avia-section-default avia-no-border-styling  avia-builder-el-0  el_before_av_google_map  avia-builder-el-first  avia-bg-style-scroll container_wrap fullsize'  ><div class='container av-section-cont-open' ><main  role=\"main\" itemprop=\"mainContentOfPage\"  class='template-page content  av-content-full alpha units'><div class='post-entry post-entry-type-page post-entry-22'><div class='entry-content-wrapper clearfix'>\n\n<style type=\"text\/css\" data-created_by=\"avia_inline_auto\" id=\"style-css-av-av_heading-929d373df9bf98675f13dac8e1f58f12\">\n#top .av-special-heading.av-av_heading-929d373df9bf98675f13dac8e1f58f12{\npadding-bottom:10px;\n}\nbody .av-special-heading.av-av_heading-929d373df9bf98675f13dac8e1f58f12 .av-special-heading-tag .heading-char{\nfont-size:25px;\n}\n.av-special-heading.av-av_heading-929d373df9bf98675f13dac8e1f58f12 .av-subheading{\nfont-size:15px;\n}\n<\/style>\n<div  class='av-special-heading av-av_heading-929d373df9bf98675f13dac8e1f58f12 av-special-heading-h3  avia-builder-el-1  el_before_av_textblock  avia-builder-el-first '><h3 class='av-special-heading-tag '  itemprop=\"headline\"  >Endere\u00e7o <\/h3><div class=\"special-heading-border\"><div class=\"special-heading-inner-border\"><\/div><\/div><\/div>\n<section  class='av_textblock_section av-jzxc6yl7-c6d5edcf9ec492c354516a2fcdf041c5 '   itemscope=\"itemscope\" itemtype=\"https:\/\/schema.org\/CreativeWork\" ><div class='avia_textblock'  itemprop=\"text\" ><p>Avenida Ang\u00e9lica, 1757, cjs. 61\/62<\/p>\n<p>Consola\u00e7\u00e3o, S\u00e3o Paulo &#8211; SP<\/p>\n<\/div><\/section>\n\n<style type=\"text\/css\" data-created_by=\"avia_inline_auto\" id=\"style-css-av-av_heading-a0e57210dcf28d4b351e3af962e6468e\">\n#top .av-special-heading.av-av_heading-a0e57210dcf28d4b351e3af962e6468e{\npadding-bottom:10px;\n}\nbody .av-special-heading.av-av_heading-a0e57210dcf28d4b351e3af962e6468e .av-special-heading-tag .heading-char{\nfont-size:25px;\n}\n.av-special-heading.av-av_heading-a0e57210dcf28d4b351e3af962e6468e .av-subheading{\nfont-size:15px;\n}\n<\/style>\n<div  class='av-special-heading av-av_heading-a0e57210dcf28d4b351e3af962e6468e av-special-heading-h3  avia-builder-el-3  el_after_av_textblock  el_before_av_textblock '><h3 class='av-special-heading-tag '  itemprop=\"headline\"  >Hor\u00e1rio de funcionamento <\/h3><div class=\"special-heading-border\"><div class=\"special-heading-inner-border\"><\/div><\/div><\/div>\n<section  class='av_textblock_section av-jzxc6yl7-c6d5edcf9ec492c354516a2fcdf041c5 '   itemscope=\"itemscope\" itemtype=\"https:\/\/schema.org\/CreativeWork\" ><div class='avia_textblock'  itemprop=\"text\" ><p>De segunda a sexta-feira, das 11h \u00e0s 18h30.<\/p>\n<p>Telefones: \u00a0+55 (11) 3661-7582 | +55 (11) 3661-9459<\/p>\n<\/div><\/section>\n<div  class='av_gmaps_sc_main_wrap av_gmaps_main_wrap '><div id='av_gmap_0' class='avia-google-map-container avia-google-map-sc av_gmaps_show_unconditionally av-no-fallback-img ' data-mapid='av_gmap_0'  style='height: 400px;'><a class=\"av_gmaps_browser_disabled av_text_confirm_link av_text_confirm_link_visible\" href=\"https:\/\/www.google.com\/maps\/search\/?api=1&#038;query=avenida%20ang\u00e9lica,%201757%20%20S\u00e3o%20Paulo%20%20Brazil\" target=\"_blank\">Maps were disabled by the visitor on this site. Click to open the map in a new window.<\/a><\/div><\/div>\n","protected":false},"excerpt":{"rendered":"","protected":false},"author":3,"featured_media":0,"parent":0,"menu_order":0,"comment_status":"closed","ping_status":"closed","template":"","meta":{"footnotes":""},"class_list":["post-22","page","type-page","status-publish","hentry"],"yoast_head":"<!-- This site is optimized with the Yoast SEO plugin v26.6 - https:\/\/yoast.com\/wordpress\/plugins\/seo\/ -->\n<title>Cl\u00ednica M\u00e1rio Monteiro - Contato<\/title>\n<meta name=\"description\" content=\"Hor\u00e1rio de funcionamento de segunda a sexta-feira das 11 \u00e0s 18h30. Av. ang\u00e9lica, 1757, cjs 61\/62. Tel.: (11) 3661-7582\" \/>\n<meta name=\"robots\" content=\"index, follow, max-snippet:-1, max-image-preview:large, max-video-preview:-1\" \/>\n<link rel=\"canonical\" href=\"https:\/\/clinicamariomonteiro.com.br\/site\/contato\/\" \/>\n<meta property=\"og:locale\" content=\"pt_BR\" \/>\n<meta property=\"og:type\" content=\"article\" \/>\n<meta property=\"og:title\" content=\"Cl\u00ednica M\u00e1rio Monteiro - Contato\" \/>\n<meta property=\"og:description\" content=\"Hor\u00e1rio de funcionamento de segunda a sexta-feira das 11 \u00e0s 18h30. Av. ang\u00e9lica, 1757, cjs 61\/62. Tel.: (11) 3661-7582\" \/>\n<meta property=\"og:url\" content=\"https:\/\/clinicamariomonteiro.com.br\/site\/contato\/\" \/>\n<meta property=\"og:site_name\" content=\"Cl\u00ednica M\u00e1rio Monteiro\" \/>\n<meta property=\"article:modified_time\" content=\"2019-09-04T23:04:13+00:00\" \/>\n<meta name=\"twitter:card\" content=\"summary_large_image\" \/>\n<meta name=\"twitter:label1\" content=\"Est. tempo de leitura\" \/>\n\t<meta name=\"twitter:data1\" content=\"2 minutos\" \/>\n<script type=\"application\/ld+json\" class=\"yoast-schema-graph\">{\"@context\":\"https:\/\/schema.org\",\"@graph\":[{\"@type\":\"WebPage\",\"@id\":\"https:\/\/clinicamariomonteiro.com.br\/site\/contato\/\",\"url\":\"https:\/\/clinicamariomonteiro.com.br\/site\/contato\/\",\"name\":\"Cl\u00ednica M\u00e1rio Monteiro - Contato\",\"isPartOf\":{\"@id\":\"https:\/\/clinicamariomonteiro.com.br\/site\/#website\"},\"datePublished\":\"2016-06-27T02:16:10+00:00\",\"dateModified\":\"2019-09-04T23:04:13+00:00\",\"description\":\"Hor\u00e1rio de funcionamento de segunda a sexta-feira das 11 \u00e0s 18h30. Av. ang\u00e9lica, 1757, cjs 61\/62. Tel.: (11) 3661-7582\",\"breadcrumb\":{\"@id\":\"https:\/\/clinicamariomonteiro.com.br\/site\/contato\/#breadcrumb\"},\"inLanguage\":\"pt-BR\",\"potentialAction\":[{\"@type\":\"ReadAction\",\"target\":[\"https:\/\/clinicamariomonteiro.com.br\/site\/contato\/\"]}]},{\"@type\":\"BreadcrumbList\",\"@id\":\"https:\/\/clinicamariomonteiro.com.br\/site\/contato\/#breadcrumb\",\"itemListElement\":[{\"@type\":\"ListItem\",\"position\":1,\"name\":\"In\u00edcio\",\"item\":\"https:\/\/clinicamariomonteiro.com.br\/site\/\"},{\"@type\":\"ListItem\",\"position\":2,\"name\":\"Contato\"}]},{\"@type\":\"WebSite\",\"@id\":\"https:\/\/clinicamariomonteiro.com.br\/site\/#website\",\"url\":\"https:\/\/clinicamariomonteiro.com.br\/site\/\",\"name\":\"Cl\u00ednica M\u00e1rio Monteiro\",\"description\":\"Cl\u00ednica de oftalmologia, neuroftalmologia e doen\u00e7as da \u00f3rbita\",\"publisher\":{\"@id\":\"https:\/\/clinicamariomonteiro.com.br\/site\/#organization\"},\"potentialAction\":[{\"@type\":\"SearchAction\",\"target\":{\"@type\":\"EntryPoint\",\"urlTemplate\":\"https:\/\/clinicamariomonteiro.com.br\/site\/?s={search_term_string}\"},\"query-input\":{\"@type\":\"PropertyValueSpecification\",\"valueRequired\":true,\"valueName\":\"search_term_string\"}}],\"inLanguage\":\"pt-BR\"},{\"@type\":\"Organization\",\"@id\":\"https:\/\/clinicamariomonteiro.com.br\/site\/#organization\",\"name\":\"Cl\u00ednica Dr. M\u00e1rio Monteiro\",\"url\":\"https:\/\/clinicamariomonteiro.com.br\/site\/\",\"logo\":{\"@type\":\"ImageObject\",\"inLanguage\":\"pt-BR\",\"@id\":\"https:\/\/clinicamariomonteiro.com.br\/site\/#\/schema\/logo\/image\/\",\"url\":\"https:\/\/clinicamariomonteiro.com.br\/site\/wp-content\/uploads\/2016\/06\/logoClinica_cmm.png\",\"contentUrl\":\"https:\/\/clinicamariomonteiro.com.br\/site\/wp-content\/uploads\/2016\/06\/logoClinica_cmm.png\",\"width\":340,\"height\":156,\"caption\":\"Cl\u00ednica Dr. M\u00e1rio Monteiro\"},\"image\":{\"@id\":\"https:\/\/clinicamariomonteiro.com.br\/site\/#\/schema\/logo\/image\/\"}}]}<\/script>\n<!-- \/ Yoast SEO plugin. -->","yoast_head_json":{"title":"Cl\u00ednica M\u00e1rio Monteiro - Contato","description":"Hor\u00e1rio de funcionamento de segunda a sexta-feira das 11 \u00e0s 18h30. Av. ang\u00e9lica, 1757, cjs 61\/62. Tel.: (11) 3661-7582","robots":{"index":"index","follow":"follow","max-snippet":"max-snippet:-1","max-image-preview":"max-image-preview:large","max-video-preview":"max-video-preview:-1"},"canonical":"https:\/\/clinicamariomonteiro.com.br\/site\/contato\/","og_locale":"pt_BR","og_type":"article","og_title":"Cl\u00ednica M\u00e1rio Monteiro - Contato","og_description":"Hor\u00e1rio de funcionamento de segunda a sexta-feira das 11 \u00e0s 18h30. Av. ang\u00e9lica, 1757, cjs 61\/62. Tel.: (11) 3661-7582","og_url":"https:\/\/clinicamariomonteiro.com.br\/site\/contato\/","og_site_name":"Cl\u00ednica M\u00e1rio Monteiro","article_modified_time":"2019-09-04T23:04:13+00:00","twitter_card":"summary_large_image","twitter_misc":{"Est. tempo de leitura":"2 minutos"},"schema":{"@context":"https:\/\/schema.org","@graph":[{"@type":"WebPage","@id":"https:\/\/clinicamariomonteiro.com.br\/site\/contato\/","url":"https:\/\/clinicamariomonteiro.com.br\/site\/contato\/","name":"Cl\u00ednica M\u00e1rio Monteiro - Contato","isPartOf":{"@id":"https:\/\/clinicamariomonteiro.com.br\/site\/#website"},"datePublished":"2016-06-27T02:16:10+00:00","dateModified":"2019-09-04T23:04:13+00:00","description":"Hor\u00e1rio de funcionamento de segunda a sexta-feira das 11 \u00e0s 18h30. Av. ang\u00e9lica, 1757, cjs 61\/62. Tel.: (11) 3661-7582","breadcrumb":{"@id":"https:\/\/clinicamariomonteiro.com.br\/site\/contato\/#breadcrumb"},"inLanguage":"pt-BR","potentialAction":[{"@type":"ReadAction","target":["https:\/\/clinicamariomonteiro.com.br\/site\/contato\/"]}]},{"@type":"BreadcrumbList","@id":"https:\/\/clinicamariomonteiro.com.br\/site\/contato\/#breadcrumb","itemListElement":[{"@type":"ListItem","position":1,"name":"In\u00edcio","item":"https:\/\/clinicamariomonteiro.com.br\/site\/"},{"@type":"ListItem","position":2,"name":"Contato"}]},{"@type":"WebSite","@id":"https:\/\/clinicamariomonteiro.com.br\/site\/#website","url":"https:\/\/clinicamariomonteiro.com.br\/site\/","name":"Cl\u00ednica M\u00e1rio Monteiro","description":"Cl\u00ednica de oftalmologia, neuroftalmologia e doen\u00e7as da \u00f3rbita","publisher":{"@id":"https:\/\/clinicamariomonteiro.com.br\/site\/#organization"},"potentialAction":[{"@type":"SearchAction","target":{"@type":"EntryPoint","urlTemplate":"https:\/\/clinicamariomonteiro.com.br\/site\/?s={search_term_string}"},"query-input":{"@type":"PropertyValueSpecification","valueRequired":true,"valueName":"search_term_string"}}],"inLanguage":"pt-BR"},{"@type":"Organization","@id":"https:\/\/clinicamariomonteiro.com.br\/site\/#organization","name":"Cl\u00ednica Dr. M\u00e1rio Monteiro","url":"https:\/\/clinicamariomonteiro.com.br\/site\/","logo":{"@type":"ImageObject","inLanguage":"pt-BR","@id":"https:\/\/clinicamariomonteiro.com.br\/site\/#\/schema\/logo\/image\/","url":"https:\/\/clinicamariomonteiro.com.br\/site\/wp-content\/uploads\/2016\/06\/logoClinica_cmm.png","contentUrl":"https:\/\/clinicamariomonteiro.com.br\/site\/wp-content\/uploads\/2016\/06\/logoClinica_cmm.png","width":340,"height":156,"caption":"Cl\u00ednica Dr. M\u00e1rio Monteiro"},"image":{"@id":"https:\/\/clinicamariomonteiro.com.br\/site\/#\/schema\/logo\/image\/"}}]}},"_links":{"self":[{"href":"https:\/\/clinicamariomonteiro.com.br\/site\/wp-json\/wp\/v2\/pages\/22","targetHints":{"allow":["GET"]}}],"collection":[{"href":"https:\/\/clinicamariomonteiro.com.br\/site\/wp-json\/wp\/v2\/pages"}],"about":[{"href":"https:\/\/clinicamariomonteiro.com.br\/site\/wp-json\/wp\/v2\/types\/page"}],"author":[{"embeddable":true,"href":"https:\/\/clinicamariomonteiro.com.br\/site\/wp-json\/wp\/v2\/users\/3"}],"replies":[{"embeddable":true,"href":"https:\/\/clinicamariomonteiro.com.br\/site\/wp-json\/wp\/v2\/comments?post=22"}],"version-history":[{"count":46,"href":"https:\/\/clinicamariomonteiro.com.br\/site\/wp-json\/wp\/v2\/pages\/22\/revisions"}],"predecessor-version":[{"id":3791,"href":"https:\/\/clinicamariomonteiro.com.br\/site\/wp-json\/wp\/v2\/pages\/22\/revisions\/3791"}],"wp:attachment":[{"href":"https:\/\/clinicamariomonteiro.com.br\/site\/wp-json\/wp\/v2\/media?parent=22"}],"curies":[{"name":"wp","href":"https:\/\/api.w.org\/{rel}","templated":true}]}}