{"id":30,"date":"2016-06-26T23:23:06","date_gmt":"2016-06-27T02:23:06","guid":{"rendered":"http:\/\/clinicamariomonteiro.com.br\/site\/?page_id=30"},"modified":"2025-05-17T09:45:23","modified_gmt":"2025-05-17T12:45:23","slug":"home","status":"publish","type":"page","link":"https:\/\/clinicamariomonteiro.com.br\/site\/","title":{"rendered":"Home"},"content":{"rendered":"\n<style type=\"text\/css\" data-created_by=\"avia_inline_auto\" id=\"style-css-av-jzwsitol-9ff8f815d125f36baf5429ae91dbfa96\">\n.avia-section.av-jzwsitol-9ff8f815d125f36baf5429ae91dbfa96{\nmargin-top:0px;\nmargin-bottom:0px;\n}\n<\/style>\n<div id='av_section_1'  class='avia-section av-jzwsitol-9ff8f815d125f36baf5429ae91dbfa96 main_color avia-section-default avia-no-border-styling  avia-builder-el-0  el_before_av_section  avia-builder-el-first  avia-bg-style-scroll av-minimum-height av-minimum-height-custom av-height-custom  container_wrap fullsize'   data-av_minimum_height_px='400'><div class='container av-section-cont-open' style='height:400px'><main  role=\"main\" itemprop=\"mainContentOfPage\"  class='template-page content  av-content-full alpha units'><div class='post-entry post-entry-type-page post-entry-30'><div class='entry-content-wrapper clearfix'>\n\n<style type=\"text\/css\" data-created_by=\"avia_inline_auto\" id=\"style-css-av-jzwsx95b-a16e4c049d34813103980d58a0cb9ef9\">\n.avia-image-container.av-jzwsx95b-a16e4c049d34813103980d58a0cb9ef9 img.avia_image{\nbox-shadow:none;\n}\n.avia-image-container.av-jzwsx95b-a16e4c049d34813103980d58a0cb9ef9 .av-image-caption-overlay-center{\ncolor:#ffffff;\n}\n<\/style>\n<div  class='avia-image-container av-jzwsx95b-a16e4c049d34813103980d58a0cb9ef9 av-styling- avia-align-center  avia-builder-el-1  el_before_av_image  avia-builder-el-first  av-mini-hide'   itemprop=\"image\" itemscope=\"itemscope\" itemtype=\"https:\/\/schema.org\/ImageObject\" ><div class=\"avia-image-container-inner\"><div class=\"avia-image-overlay-wrap\"><img decoding=\"async\" fetchpriority=\"high\" class='wp-image-3792 avia-img-lazy-loading-not-3792 avia_image ' src=\"https:\/\/clinicamariomonteiro.com.br\/site\/wp-content\/uploads\/2019\/09\/Home_imagem_principal_1000x350px.jpg\" alt='Imagens do consult\u00f3rio' title='Home_imagem_principal_1000x350px'  height=\"350\" width=\"1098\"  itemprop=\"thumbnailUrl\" srcset=\"https:\/\/clinicamariomonteiro.com.br\/site\/wp-content\/uploads\/2019\/09\/Home_imagem_principal_1000x350px.jpg 1098w, https:\/\/clinicamariomonteiro.com.br\/site\/wp-content\/uploads\/2019\/09\/Home_imagem_principal_1000x350px-300x96.jpg 300w, https:\/\/clinicamariomonteiro.com.br\/site\/wp-content\/uploads\/2019\/09\/Home_imagem_principal_1000x350px-768x245.jpg 768w, https:\/\/clinicamariomonteiro.com.br\/site\/wp-content\/uploads\/2019\/09\/Home_imagem_principal_1000x350px-1030x328.jpg 1030w, https:\/\/clinicamariomonteiro.com.br\/site\/wp-content\/uploads\/2019\/09\/Home_imagem_principal_1000x350px-705x225.jpg 705w, https:\/\/clinicamariomonteiro.com.br\/site\/wp-content\/uploads\/2019\/09\/Home_imagem_principal_1000x350px-450x143.jpg 450w\" sizes=\"(max-width: 1098px) 100vw, 1098px\" \/><\/div><\/div><\/div>\n\n<style type=\"text\/css\" data-created_by=\"avia_inline_auto\" id=\"style-css-av-jzwsx95b-5-84a319c892362c4f83f8ca230b26bbb1\">\n.avia-image-container.av-jzwsx95b-5-84a319c892362c4f83f8ca230b26bbb1 img.avia_image{\nbox-shadow:none;\n}\n.avia-image-container.av-jzwsx95b-5-84a319c892362c4f83f8ca230b26bbb1 .av-image-caption-overlay-center{\ncolor:#ffffff;\n}\n<\/style>\n<div  class='avia-image-container av-jzwsx95b-5-84a319c892362c4f83f8ca230b26bbb1 av-styling- avia-align-center  avia-builder-el-2  el_after_av_image  el_before_av_hr  av-desktop-hide av-medium-hide av-small-hide'   itemprop=\"image\" itemscope=\"itemscope\" itemtype=\"https:\/\/schema.org\/ImageObject\" ><div class=\"avia-image-container-inner\"><div class=\"avia-image-overlay-wrap\"><img decoding=\"async\" fetchpriority=\"high\" class='wp-image-3794 avia-img-lazy-loading-not-3794 avia_image ' src=\"https:\/\/clinicamariomonteiro.com.br\/site\/wp-content\/uploads\/2019\/09\/Home_imagem_principal_820x350px.jpg\" alt='Imagens consult\u00f3rio mobile' title='Home_imagem_principal_820x350px'  height=\"350\" width=\"820\"  itemprop=\"thumbnailUrl\" srcset=\"https:\/\/clinicamariomonteiro.com.br\/site\/wp-content\/uploads\/2019\/09\/Home_imagem_principal_820x350px.jpg 820w, https:\/\/clinicamariomonteiro.com.br\/site\/wp-content\/uploads\/2019\/09\/Home_imagem_principal_820x350px-300x128.jpg 300w, https:\/\/clinicamariomonteiro.com.br\/site\/wp-content\/uploads\/2019\/09\/Home_imagem_principal_820x350px-768x328.jpg 768w, https:\/\/clinicamariomonteiro.com.br\/site\/wp-content\/uploads\/2019\/09\/Home_imagem_principal_820x350px-705x301.jpg 705w, https:\/\/clinicamariomonteiro.com.br\/site\/wp-content\/uploads\/2019\/09\/Home_imagem_principal_820x350px-450x192.jpg 450w\" sizes=\"(max-width: 820px) 100vw, 820px\" \/><\/div><\/div><\/div>\n\n<style type=\"text\/css\" data-created_by=\"avia_inline_auto\" id=\"style-css-av-jzwsy154-cf14eda09b181d1a69612413a637b047\">\n#top .hr.hr-invisible.av-jzwsy154-cf14eda09b181d1a69612413a637b047{\nheight:40px;\n}\n<\/style>\n<div  class='hr av-jzwsy154-cf14eda09b181d1a69612413a637b047 hr-invisible  avia-builder-el-3  el_after_av_image  el_before_av_one_half '><span class='hr-inner '><span class=\"hr-inner-style\"><\/span><\/span><\/div>\n<div class='flex_column_table av-4dbzm-c0ff6939d73d22149043c62dfbe364c5 sc-av_one_half av-equal-height-column-flextable'>\n<style type=\"text\/css\" data-created_by=\"avia_inline_auto\" id=\"style-css-av-4dbzm-c0ff6939d73d22149043c62dfbe364c5\">\n.flex_column.av-4dbzm-c0ff6939d73d22149043c62dfbe364c5{\nborder-width:1px;\nborder-color:#cccacc;\nborder-style:solid;\nborder-radius:3px 3px 3px 3px;\npadding:25px 25px 25px 25px;\nbackground-color:#f7f7f7;\n}\n<\/style>\n<div  class='flex_column av-4dbzm-c0ff6939d73d22149043c62dfbe364c5 av_one_half  avia-builder-el-4  el_after_av_hr  el_before_av_one_half  first flex_column_table_cell av-equal-height-column av-align-top  '     ><section  class='av_textblock_section av-jrseiatj-f06a7dcc1e62c6fab9238e3108adbe1d '   itemscope=\"itemscope\" itemtype=\"https:\/\/schema.org\/CreativeWork\" ><div class='avia_textblock'  itemprop=\"text\" ><h2 style=\"text-align: center; font-size: 18px;\">NEUROFTALMOLOGIA<\/h2>\n<p style=\"text-align: center;\">A neuroftalmologia \u00e9 a subespecialidade da medicina que trata dos problemas visuais relacionados ao sistema nervoso central.<\/p>\n<p style=\"text-align: center;\"><div  class='avia-button-wrap av-prey-0d51e08c463a303ba48d99c953b2ffdd-wrap avia-button-center  avia-builder-el-6  avia-builder-el-no-sibling '>\n<style type=\"text\/css\" data-created_by=\"avia_inline_auto\" id=\"style-css-av-prey-0d51e08c463a303ba48d99c953b2ffdd\">\n#top #wrap_all .avia-button.av-prey-0d51e08c463a303ba48d99c953b2ffdd{\nbackground-color:#074b7d;\nborder-color:#074b7d;\ncolor:#ffffff;\ntransition:all 0.4s ease-in-out;\n}\n#top #wrap_all .avia-button.av-prey-0d51e08c463a303ba48d99c953b2ffdd .avia-svg-icon svg:first-child{\nfill:#ffffff;\nstroke:#ffffff;\n}\n<\/style>\n<a href='https:\/\/clinicamariomonteiro.com.br\/site\/neuroftalmologia\/'  class='avia-button av-prey-0d51e08c463a303ba48d99c953b2ffdd av-link-btn avia-icon_select-no avia-size-small avia-position-center'   aria-label=\"Saiba mais\"><span class='avia_iconbox_title' >Saiba mais<\/span><\/a><\/div><\/p>\n<\/div><\/section><\/div><div class='av-flex-placeholder'><\/div>\n<style type=\"text\/css\" data-created_by=\"avia_inline_auto\" id=\"style-css-av-4dbzm-4-8dafa673ea95becaae5f31a9fec1167c\">\n.flex_column.av-4dbzm-4-8dafa673ea95becaae5f31a9fec1167c{\nborder-width:1px;\nborder-color:#cccacc;\nborder-style:solid;\nborder-radius:3px 3px 3px 3px;\npadding:25px 25px 25px 25px;\nbackground-color:#f7f7f7;\n}\n<\/style>\n<div  class='flex_column av-4dbzm-4-8dafa673ea95becaae5f31a9fec1167c av_one_half  avia-builder-el-7  el_after_av_one_half  avia-builder-el-last  flex_column_table_cell av-equal-height-column av-align-top  '     ><section  class='av_textblock_section av-jrseiatj-3-058a6abcb77216286c871e0863999831 '   itemscope=\"itemscope\" itemtype=\"https:\/\/schema.org\/CreativeWork\" ><div class='avia_textblock'  itemprop=\"text\" ><h4 style=\"text-align: center;\">DOEN\u00c7AS DA \u00d3RBITA<\/h4>\n<p style=\"text-align: center;\">A \u00f3rbita \u00e9 a cavidade na por\u00e7\u00e3o anterior do cr\u00e2nio que contem o globo ocular e as suas estruturas em torno, como os m\u00fasculos&#8230;<\/p>\n<p style=\"text-align: center;\"><div  class='avia-button-wrap av-123pe-2a79d81708e06a0c6dce45db005ba860-wrap avia-button-center  avia-builder-el-9  avia-builder-el-no-sibling '>\n<style type=\"text\/css\" data-created_by=\"avia_inline_auto\" id=\"style-css-av-123pe-2a79d81708e06a0c6dce45db005ba860\">\n#top #wrap_all .avia-button.av-123pe-2a79d81708e06a0c6dce45db005ba860{\nbackground-color:#074b7d;\nborder-color:#074b7d;\ncolor:#ffffff;\ntransition:all 0.4s ease-in-out;\n}\n#top #wrap_all .avia-button.av-123pe-2a79d81708e06a0c6dce45db005ba860 .avia-svg-icon svg:first-child{\nfill:#ffffff;\nstroke:#ffffff;\n}\n<\/style>\n<a href='https:\/\/clinicamariomonteiro.com.br\/site\/doencas-da-orbita\/'  class='avia-button av-123pe-2a79d81708e06a0c6dce45db005ba860 av-link-btn avia-icon_select-no avia-size-small avia-position-center'   aria-label=\"Saiba mais\"><span class='avia_iconbox_title' >Saiba mais<\/span><\/a><\/div><\/p>\n<\/div><\/section><\/div><\/div><!--close column table wrapper. Autoclose: 1 -->\n\n<\/div><\/div><\/main><!-- close content main element --><\/div><\/div>\n<style type=\"text\/css\" data-created_by=\"avia_inline_auto\" id=\"style-css-av-jzwp8h9b-6d54e55bb1648317a0c590a4226e74a1\">\n.avia-section.av-jzwp8h9b-6d54e55bb1648317a0c590a4226e74a1{\nbackground-color:#f7f7f7;\nbackground-image:unset;\nmargin-top:0px;\nmargin-bottom:-10px;\n}\n<\/style>\n<div id='quemsomos'  class='avia-section av-jzwp8h9b-6d54e55bb1648317a0c590a4226e74a1 main_color avia-section-default avia-no-border-styling  avia-builder-el-10  el_after_av_section  el_before_av_google_map  avia-bg-style-scroll container_wrap fullsize'  ><div class='container av-section-cont-open' ><div class='template-page content  av-content-full alpha units'><div class='post-entry post-entry-type-page post-entry-30'><div class='entry-content-wrapper clearfix'>\n\n<style type=\"text\/css\" data-created_by=\"avia_inline_auto\" id=\"style-css-av-32qy-d29b936104d09ae313e30da73e5a9ddd\">\n.flex_column.av-32qy-d29b936104d09ae313e30da73e5a9ddd{\nborder-radius:0px 0px 0px 0px;\npadding:0px 0px 0px 0px;\n}\n<\/style>\n<div  class='flex_column av-32qy-d29b936104d09ae313e30da73e5a9ddd av_one_full  avia-builder-el-11  el_before_av_one_fourth  avia-builder-el-first  first flex_column_div av-zero-column-padding  '     ><p>\n<style type=\"text\/css\" data-created_by=\"avia_inline_auto\" id=\"style-css-av-136aa-0f1d7a0de2262f5d44737e2fa78dcdc8\">\n#top .av-special-heading.av-136aa-0f1d7a0de2262f5d44737e2fa78dcdc8{\npadding-bottom:0;\n}\nbody .av-special-heading.av-136aa-0f1d7a0de2262f5d44737e2fa78dcdc8 .av-special-heading-tag .heading-char{\nfont-size:25px;\n}\n.av-special-heading.av-136aa-0f1d7a0de2262f5d44737e2fa78dcdc8 .av-subheading{\nfont-size:15px;\n}\n<\/style>\n<div  class='av-special-heading av-136aa-0f1d7a0de2262f5d44737e2fa78dcdc8 av-special-heading-h3  avia-builder-el-12  el_before_av_hr  avia-builder-el-first  av-linked-heading'><h3 class='av-special-heading-tag '  itemprop=\"headline\"  ><a class=\"av-heading-link\" href=\"https:\/\/clinicamariomonteiro.com.br\/site\/quem-somos-dr-mario-monteiro\/\" >Quem Somos<\/a><\/h3><div class=\"special-heading-border\"><div class=\"special-heading-inner-border\"><\/div><\/div><\/div><br \/>\n\n<style type=\"text\/css\" data-created_by=\"avia_inline_auto\" id=\"style-css-av-jrtu2dl6-6d6040593021c18a15eba6592244dc68\">\n#top .hr.hr-invisible.av-jrtu2dl6-6d6040593021c18a15eba6592244dc68{\nheight:25px;\n}\n<\/style>\n<div  class='hr av-jrtu2dl6-6d6040593021c18a15eba6592244dc68 hr-invisible  avia-builder-el-13  el_after_av_heading  avia-builder-el-last '><span class='hr-inner '><span class=\"hr-inner-style\"><\/span><\/span><\/div><\/p><\/div><div class='flex_column_table av-jrttly6h-83a3f9ceae7aa3d6c0b9715a5dcbc46d sc-av_one_fourth av-break-at-tablet-flextable av-equal-height-column-flextable'>\n<style type=\"text\/css\" data-created_by=\"avia_inline_auto\" id=\"style-css-av-jrttly6h-83a3f9ceae7aa3d6c0b9715a5dcbc46d\">\n.flex_column.av-jrttly6h-83a3f9ceae7aa3d6c0b9715a5dcbc46d{\nborder-radius:0px 0px 0px 0px;\npadding:0px 0px 0px 0px;\n}\n<\/style>\n<div  class='flex_column av-jrttly6h-83a3f9ceae7aa3d6c0b9715a5dcbc46d av_one_fourth  avia-builder-el-14  el_after_av_one_full  el_before_av_three_fourth  first no_margin av-break-at-tablet flex_column_table_cell av-equal-height-column av-align-top av-zero-column-padding  column-top-margin'     ><style type=\"text\/css\" data-created_by=\"avia_inline_auto\" id=\"style-css-av-jrtt88p3-30e8d97909af066bf8972fcf917766ef\">\n.avia-image-container.av-jrtt88p3-30e8d97909af066bf8972fcf917766ef img.avia_image{\nbox-shadow:none;\n}\n.avia-image-container.av-jrtt88p3-30e8d97909af066bf8972fcf917766ef .av-image-caption-overlay-center{\ncolor:#ffffff;\n}\n<\/style>\n<div  class='avia-image-container av-jrtt88p3-30e8d97909af066bf8972fcf917766ef av-styling- avia-align-center  avia-builder-el-15  avia-builder-el-no-sibling '   itemprop=\"image\" itemscope=\"itemscope\" itemtype=\"https:\/\/schema.org\/ImageObject\" ><div class=\"avia-image-container-inner\"><div class=\"avia-image-overlay-wrap\"><img decoding=\"async\" fetchpriority=\"high\" class='wp-image-4129 avia-img-lazy-loading-not-4129 avia_image ' src=\"https:\/\/clinicamariomonteiro.com.br\/site\/wp-content\/uploads\/2025\/05\/Dr_MarioMonteiro.jpg\" alt='Imagem do Professor Doutor M\u00e1rio Monteiro' title='Doutor M\u00e1rio Monteiro'  height=\"1536\" width=\"1147\"  itemprop=\"thumbnailUrl\" srcset=\"https:\/\/clinicamariomonteiro.com.br\/site\/wp-content\/uploads\/2025\/05\/Dr_MarioMonteiro.jpg 1147w, https:\/\/clinicamariomonteiro.com.br\/site\/wp-content\/uploads\/2025\/05\/Dr_MarioMonteiro-224x300.jpg 224w, https:\/\/clinicamariomonteiro.com.br\/site\/wp-content\/uploads\/2025\/05\/Dr_MarioMonteiro-769x1030.jpg 769w, https:\/\/clinicamariomonteiro.com.br\/site\/wp-content\/uploads\/2025\/05\/Dr_MarioMonteiro-768x1028.jpg 768w, https:\/\/clinicamariomonteiro.com.br\/site\/wp-content\/uploads\/2025\/05\/Dr_MarioMonteiro-1120x1500.jpg 1120w, https:\/\/clinicamariomonteiro.com.br\/site\/wp-content\/uploads\/2025\/05\/Dr_MarioMonteiro-526x705.jpg 526w\" sizes=\"(max-width: 1147px) 100vw, 1147px\" \/><\/div><\/div><\/div><\/div>\n<style type=\"text\/css\" data-created_by=\"avia_inline_auto\" id=\"style-css-av-jrttbgae-54deeb7570ebdaa328c61a88a2935f62\">\n.flex_column.av-jrttbgae-54deeb7570ebdaa328c61a88a2935f62{\nborder-radius:3px 3px 3px 3px;\npadding:25px 25px 25px 25px;\n}\n<\/style>\n<div  class='flex_column av-jrttbgae-54deeb7570ebdaa328c61a88a2935f62 av_three_fourth  avia-builder-el-16  el_after_av_one_fourth  avia-builder-el-last  no_margin av-break-at-tablet flex_column_table_cell av-equal-height-column av-align-top  column-top-margin'     ><section  class='av_textblock_section av-jrtt91xx-8a2fa3114babceecd1f5a84956a52b9c '   itemscope=\"itemscope\" itemtype=\"https:\/\/schema.org\/CreativeWork\" ><div class='avia_textblock'  itemprop=\"text\" ><h3><strong>Prof. Dr. M\u00e1rio Luiz Ribeiro Monteiro<\/strong><\/h3>\n<ul>\n<li>Professor Titular de Oftalmologia da Faculdade de Medicina da Universidade de S\u00e3o Paulo (FMUSP)<\/li>\n<li>Chefe do Servi\u00e7o de Oftalmologia do Hospital das Cl\u00ednicas da FMUSP<\/li>\n<li>Respons\u00e1vel pelos Servi\u00e7os de Neuro-oftalmologia e de Doen\u00e7as da \u00d3rbita do Hospital das Cl\u00ednicas da FMUSP<\/li>\n<li>Coordenador do Laborat\u00f3rio de Investiga\u00e7\u00e3o em Oftalmologia (LIM-33) da FMUSP<\/li>\n<li>Presidente da Associa\u00e7\u00e3o Brasileira de Neuro-oftalmologia<\/li>\n<li>Pesquisador (PQ-1B) do Conselho Nacional de Desenvolvimento Cient\u00edfico e Tecnol\u00f3gico (CNPq)<\/li>\n<\/ul>\n<\/div><\/section><br \/>\n\n<style type=\"text\/css\" data-created_by=\"avia_inline_auto\" id=\"style-css-av-jzwpid2s-130e88a0e0488e014b624aead960aba5\">\n#top .hr.hr-invisible.av-jzwpid2s-130e88a0e0488e014b624aead960aba5{\nheight:20px;\n}\n<\/style>\n<div  class='hr av-jzwpid2s-130e88a0e0488e014b624aead960aba5 hr-invisible  avia-builder-el-18  el_after_av_textblock  el_before_av_textblock '><span class='hr-inner '><span class=\"hr-inner-style\"><\/span><\/span><\/div><br \/>\n<section  class='av_textblock_section av-jrtt91xx-1-bf127793b6e1efe11bbfec5aa587aea3 '   itemscope=\"itemscope\" itemtype=\"https:\/\/schema.org\/CreativeWork\" ><div class='avia_textblock'  itemprop=\"text\" ><div  class='avia-button-wrap av-123pe-2-4a1ebf7f7ce79b864bcb03e1178ce0a6-wrap avia-button-center  avia-builder-el-20  avia-builder-el-no-sibling '>\n<style type=\"text\/css\" data-created_by=\"avia_inline_auto\" id=\"style-css-av-123pe-2-4a1ebf7f7ce79b864bcb03e1178ce0a6\">\n#top #wrap_all .avia-button.av-123pe-2-4a1ebf7f7ce79b864bcb03e1178ce0a6{\nbackground-color:#074b7d;\nborder-color:#074b7d;\ncolor:#ffffff;\ntransition:all 0.4s ease-in-out;\n}\n#top #wrap_all .avia-button.av-123pe-2-4a1ebf7f7ce79b864bcb03e1178ce0a6 .avia-svg-icon svg:first-child{\nfill:#ffffff;\nstroke:#ffffff;\n}\n<\/style>\n<a href='https:\/\/clinicamariomonteiro.com.br\/site\/quem-somos-dr-mario-monteiro\/'  class='avia-button av-123pe-2-4a1ebf7f7ce79b864bcb03e1178ce0a6 av-link-btn avia-icon_select-no avia-size-small avia-position-center'   aria-label=\"Saiba mais\"><span class='avia_iconbox_title' >Saiba mais<\/span><\/a><\/div>\n<\/div><\/section><\/p><\/div><\/div><!--close column table wrapper. Autoclose: 1 --><div  class='av_gmaps_sc_main_wrap av_gmaps_main_wrap '><div id='av_gmap_0' class='avia-google-map-container avia-google-map-sc av_gmaps_show_unconditionally av-no-fallback-img ' data-mapid='av_gmap_0'  style='height: 400px;'><a class=\"av_gmaps_browser_disabled av_text_confirm_link av_text_confirm_link_visible\" href=\"https:\/\/www.google.com\/maps\/search\/?api=1&#038;query=avenida%20ang\u00e9lica,%201757%20%20S\u00e3o%20Paulo%20S\u00e3o%20Paulo%20Brazil\" target=\"_blank\">Maps were disabled by the visitor on this site. Click to open the map in a new window.<\/a><\/div><\/div>\n","protected":false},"excerpt":{"rendered":"","protected":false},"author":3,"featured_media":0,"parent":0,"menu_order":0,"comment_status":"closed","ping_status":"closed","template":"","meta":{"footnotes":""},"class_list":["post-30","page","type-page","status-publish","hentry"],"yoast_head":"<!-- This site is optimized with the Yoast SEO plugin v26.6 - https:\/\/yoast.com\/wordpress\/plugins\/seo\/ -->\n<title>Cl\u00ednica M\u00e1rio Monteiro - Home<\/title>\n<meta name=\"description\" content=\"Cl\u00ednica do Dr. M\u00e1rio Monteiro especializada em oftalmologia, neuroftalmologia e doen\u00e7as da \u00f3rbita. Tel.: (11) 3661-7582. End.: Av. ang\u00e9lica, 1757, cj 61\/62\" \/>\n<meta name=\"robots\" content=\"index, follow, max-snippet:-1, max-image-preview:large, max-video-preview:-1\" \/>\n<link rel=\"canonical\" href=\"https:\/\/clinicamariomonteiro.com.br\/site\/\" \/>\n<meta property=\"og:locale\" content=\"pt_BR\" \/>\n<meta property=\"og:type\" content=\"article\" \/>\n<meta property=\"og:title\" content=\"Cl\u00ednica M\u00e1rio Monteiro - Home\" \/>\n<meta property=\"og:description\" content=\"Cl\u00ednica do Dr. M\u00e1rio Monteiro especializada em oftalmologia, neuroftalmologia e doen\u00e7as da \u00f3rbita. Tel.: (11) 3661-7582. End.: Av. ang\u00e9lica, 1757, cj 61\/62\" \/>\n<meta property=\"og:url\" content=\"https:\/\/clinicamariomonteiro.com.br\/site\/\" \/>\n<meta property=\"og:site_name\" content=\"Cl\u00ednica M\u00e1rio Monteiro\" \/>\n<meta property=\"article:modified_time\" content=\"2025-05-17T12:45:23+00:00\" \/>\n<meta name=\"twitter:card\" content=\"summary_large_image\" \/>\n<meta name=\"twitter:label1\" content=\"Est. tempo de leitura\" \/>\n\t<meta name=\"twitter:data1\" content=\"2 minutos\" \/>\n<script type=\"application\/ld+json\" class=\"yoast-schema-graph\">{\"@context\":\"https:\/\/schema.org\",\"@graph\":[{\"@type\":\"WebPage\",\"@id\":\"https:\/\/clinicamariomonteiro.com.br\/site\/\",\"url\":\"https:\/\/clinicamariomonteiro.com.br\/site\/\",\"name\":\"Cl\u00ednica M\u00e1rio Monteiro - Home\",\"isPartOf\":{\"@id\":\"https:\/\/clinicamariomonteiro.com.br\/site\/#website\"},\"datePublished\":\"2016-06-27T02:23:06+00:00\",\"dateModified\":\"2025-05-17T12:45:23+00:00\",\"description\":\"Cl\u00ednica do Dr. M\u00e1rio Monteiro especializada em oftalmologia, neuroftalmologia e doen\u00e7as da \u00f3rbita. Tel.: (11) 3661-7582. End.: Av. ang\u00e9lica, 1757, cj 61\/62\",\"breadcrumb\":{\"@id\":\"https:\/\/clinicamariomonteiro.com.br\/site\/#breadcrumb\"},\"inLanguage\":\"pt-BR\",\"potentialAction\":[{\"@type\":\"ReadAction\",\"target\":[\"https:\/\/clinicamariomonteiro.com.br\/site\/\"]}]},{\"@type\":\"BreadcrumbList\",\"@id\":\"https:\/\/clinicamariomonteiro.com.br\/site\/#breadcrumb\",\"itemListElement\":[{\"@type\":\"ListItem\",\"position\":1,\"name\":\"In\u00edcio\",\"item\":\"https:\/\/clinicamariomonteiro.com.br\/site\/\"},{\"@type\":\"ListItem\",\"position\":2,\"name\":\"Home\"}]},{\"@type\":\"WebSite\",\"@id\":\"https:\/\/clinicamariomonteiro.com.br\/site\/#website\",\"url\":\"https:\/\/clinicamariomonteiro.com.br\/site\/\",\"name\":\"Cl\u00ednica M\u00e1rio Monteiro\",\"description\":\"Cl\u00ednica de oftalmologia, neuroftalmologia e doen\u00e7as da \u00f3rbita\",\"publisher\":{\"@id\":\"https:\/\/clinicamariomonteiro.com.br\/site\/#organization\"},\"potentialAction\":[{\"@type\":\"SearchAction\",\"target\":{\"@type\":\"EntryPoint\",\"urlTemplate\":\"https:\/\/clinicamariomonteiro.com.br\/site\/?s={search_term_string}\"},\"query-input\":{\"@type\":\"PropertyValueSpecification\",\"valueRequired\":true,\"valueName\":\"search_term_string\"}}],\"inLanguage\":\"pt-BR\"},{\"@type\":\"Organization\",\"@id\":\"https:\/\/clinicamariomonteiro.com.br\/site\/#organization\",\"name\":\"Cl\u00ednica Dr. M\u00e1rio Monteiro\",\"url\":\"https:\/\/clinicamariomonteiro.com.br\/site\/\",\"logo\":{\"@type\":\"ImageObject\",\"inLanguage\":\"pt-BR\",\"@id\":\"https:\/\/clinicamariomonteiro.com.br\/site\/#\/schema\/logo\/image\/\",\"url\":\"https:\/\/clinicamariomonteiro.com.br\/site\/wp-content\/uploads\/2016\/06\/logoClinica_cmm.png\",\"contentUrl\":\"https:\/\/clinicamariomonteiro.com.br\/site\/wp-content\/uploads\/2016\/06\/logoClinica_cmm.png\",\"width\":340,\"height\":156,\"caption\":\"Cl\u00ednica Dr. M\u00e1rio Monteiro\"},\"image\":{\"@id\":\"https:\/\/clinicamariomonteiro.com.br\/site\/#\/schema\/logo\/image\/\"}}]}<\/script>\n<!-- \/ Yoast SEO plugin. -->","yoast_head_json":{"title":"Cl\u00ednica M\u00e1rio Monteiro - Home","description":"Cl\u00ednica do Dr. M\u00e1rio Monteiro especializada em oftalmologia, neuroftalmologia e doen\u00e7as da \u00f3rbita. Tel.: (11) 3661-7582. End.: Av. ang\u00e9lica, 1757, cj 61\/62","robots":{"index":"index","follow":"follow","max-snippet":"max-snippet:-1","max-image-preview":"max-image-preview:large","max-video-preview":"max-video-preview:-1"},"canonical":"https:\/\/clinicamariomonteiro.com.br\/site\/","og_locale":"pt_BR","og_type":"article","og_title":"Cl\u00ednica M\u00e1rio Monteiro - Home","og_description":"Cl\u00ednica do Dr. M\u00e1rio Monteiro especializada em oftalmologia, neuroftalmologia e doen\u00e7as da \u00f3rbita. Tel.: (11) 3661-7582. End.: Av. ang\u00e9lica, 1757, cj 61\/62","og_url":"https:\/\/clinicamariomonteiro.com.br\/site\/","og_site_name":"Cl\u00ednica M\u00e1rio Monteiro","article_modified_time":"2025-05-17T12:45:23+00:00","twitter_card":"summary_large_image","twitter_misc":{"Est. tempo de leitura":"2 minutos"},"schema":{"@context":"https:\/\/schema.org","@graph":[{"@type":"WebPage","@id":"https:\/\/clinicamariomonteiro.com.br\/site\/","url":"https:\/\/clinicamariomonteiro.com.br\/site\/","name":"Cl\u00ednica M\u00e1rio Monteiro - Home","isPartOf":{"@id":"https:\/\/clinicamariomonteiro.com.br\/site\/#website"},"datePublished":"2016-06-27T02:23:06+00:00","dateModified":"2025-05-17T12:45:23+00:00","description":"Cl\u00ednica do Dr. M\u00e1rio Monteiro especializada em oftalmologia, neuroftalmologia e doen\u00e7as da \u00f3rbita. Tel.: (11) 3661-7582. End.: Av. ang\u00e9lica, 1757, cj 61\/62","breadcrumb":{"@id":"https:\/\/clinicamariomonteiro.com.br\/site\/#breadcrumb"},"inLanguage":"pt-BR","potentialAction":[{"@type":"ReadAction","target":["https:\/\/clinicamariomonteiro.com.br\/site\/"]}]},{"@type":"BreadcrumbList","@id":"https:\/\/clinicamariomonteiro.com.br\/site\/#breadcrumb","itemListElement":[{"@type":"ListItem","position":1,"name":"In\u00edcio","item":"https:\/\/clinicamariomonteiro.com.br\/site\/"},{"@type":"ListItem","position":2,"name":"Home"}]},{"@type":"WebSite","@id":"https:\/\/clinicamariomonteiro.com.br\/site\/#website","url":"https:\/\/clinicamariomonteiro.com.br\/site\/","name":"Cl\u00ednica M\u00e1rio Monteiro","description":"Cl\u00ednica de oftalmologia, neuroftalmologia e doen\u00e7as da \u00f3rbita","publisher":{"@id":"https:\/\/clinicamariomonteiro.com.br\/site\/#organization"},"potentialAction":[{"@type":"SearchAction","target":{"@type":"EntryPoint","urlTemplate":"https:\/\/clinicamariomonteiro.com.br\/site\/?s={search_term_string}"},"query-input":{"@type":"PropertyValueSpecification","valueRequired":true,"valueName":"search_term_string"}}],"inLanguage":"pt-BR"},{"@type":"Organization","@id":"https:\/\/clinicamariomonteiro.com.br\/site\/#organization","name":"Cl\u00ednica Dr. M\u00e1rio Monteiro","url":"https:\/\/clinicamariomonteiro.com.br\/site\/","logo":{"@type":"ImageObject","inLanguage":"pt-BR","@id":"https:\/\/clinicamariomonteiro.com.br\/site\/#\/schema\/logo\/image\/","url":"https:\/\/clinicamariomonteiro.com.br\/site\/wp-content\/uploads\/2016\/06\/logoClinica_cmm.png","contentUrl":"https:\/\/clinicamariomonteiro.com.br\/site\/wp-content\/uploads\/2016\/06\/logoClinica_cmm.png","width":340,"height":156,"caption":"Cl\u00ednica Dr. M\u00e1rio Monteiro"},"image":{"@id":"https:\/\/clinicamariomonteiro.com.br\/site\/#\/schema\/logo\/image\/"}}]}},"_links":{"self":[{"href":"https:\/\/clinicamariomonteiro.com.br\/site\/wp-json\/wp\/v2\/pages\/30","targetHints":{"allow":["GET"]}}],"collection":[{"href":"https:\/\/clinicamariomonteiro.com.br\/site\/wp-json\/wp\/v2\/pages"}],"about":[{"href":"https:\/\/clinicamariomonteiro.com.br\/site\/wp-json\/wp\/v2\/types\/page"}],"author":[{"embeddable":true,"href":"https:\/\/clinicamariomonteiro.com.br\/site\/wp-json\/wp\/v2\/users\/3"}],"replies":[{"embeddable":true,"href":"https:\/\/clinicamariomonteiro.com.br\/site\/wp-json\/wp\/v2\/comments?post=30"}],"version-history":[{"count":181,"href":"https:\/\/clinicamariomonteiro.com.br\/site\/wp-json\/wp\/v2\/pages\/30\/revisions"}],"predecessor-version":[{"id":4127,"href":"https:\/\/clinicamariomonteiro.com.br\/site\/wp-json\/wp\/v2\/pages\/30\/revisions\/4127"}],"wp:attachment":[{"href":"https:\/\/clinicamariomonteiro.com.br\/site\/wp-json\/wp\/v2\/media?parent=30"}],"curies":[{"name":"wp","href":"https:\/\/api.w.org\/{rel}","templated":true}]}}