{"id":3540,"date":"2019-01-27T11:39:06","date_gmt":"2019-01-27T13:39:06","guid":{"rendered":"http:\/\/clinicamariomonteiro.com.br\/site\/?page_id=3540"},"modified":"2020-06-25T04:01:08","modified_gmt":"2020-06-25T07:01:08","slug":"doencas-da-orbita","status":"publish","type":"page","link":"https:\/\/clinicamariomonteiro.com.br\/site\/doencas-da-orbita\/","title":{"rendered":"Doen\u00e7as da \u00d3rbita"},"content":{"rendered":"\n<style type=\"text\/css\" data-created_by=\"avia_inline_auto\" id=\"style-css-av-4bczl-60246a21422feb8f8a13ad94b814181e\">\n.flex_column.av-4bczl-60246a21422feb8f8a13ad94b814181e{\nborder-radius:0px 0px 0px 0px;\npadding:0px 0px 0px 0px;\n}\n<\/style>\n<div  class='flex_column av-4bczl-60246a21422feb8f8a13ad94b814181e av_one_full  avia-builder-el-0  el_before_av_one_half  avia-builder-el-first  first flex_column_div av-zero-column-padding  '     ><p>\n<style type=\"text\/css\" data-created_by=\"avia_inline_auto\" id=\"style-css-av-jrtuht0t-cd3e4e81d6036df9c4586bebc7f62d0e\">\n#top .av-special-heading.av-jrtuht0t-cd3e4e81d6036df9c4586bebc7f62d0e{\npadding-bottom:10px;\n}\nbody .av-special-heading.av-jrtuht0t-cd3e4e81d6036df9c4586bebc7f62d0e .av-special-heading-tag .heading-char{\nfont-size:25px;\n}\n.av-special-heading.av-jrtuht0t-cd3e4e81d6036df9c4586bebc7f62d0e .av-subheading{\nfont-size:15px;\n}\n<\/style>\n<div  class='av-special-heading av-jrtuht0t-cd3e4e81d6036df9c4586bebc7f62d0e av-special-heading-h2 blockquote modern-quote modern-centered  avia-builder-el-1  el_before_av_hr  avia-builder-el-first '><h2 class='av-special-heading-tag '  itemprop=\"headline\"  >Doen\u00e7as da \u00d3rbita<\/h2><div class=\"special-heading-border\"><div class=\"special-heading-inner-border\"><\/div><\/div><\/div><br \/>\n\n<style type=\"text\/css\" data-created_by=\"avia_inline_auto\" id=\"style-css-av-jnb352s4-e801069c883f091d52becfc1f8d2eb1b\">\n#top .hr.av-jnb352s4-e801069c883f091d52becfc1f8d2eb1b{\nmargin-top:0px;\nmargin-bottom:0px;\n}\n.hr.av-jnb352s4-e801069c883f091d52becfc1f8d2eb1b .hr-inner{\nwidth:100%;\nborder-color:#cccacc;\n}\n<\/style>\n<div  class='hr av-jnb352s4-e801069c883f091d52becfc1f8d2eb1b hr-custom  avia-builder-el-2  el_after_av_heading  avia-builder-el-last  hr-center hr-icon-no'><span class='hr-inner inner-border-av-border-thin'><span class=\"hr-inner-style\"><\/span><\/span><\/div><\/p><\/div>\n\n<style type=\"text\/css\" data-created_by=\"avia_inline_auto\" id=\"style-css-av-3qt3h-3539fc61dff8dd3b0dc3a16b0d924fdb\">\n.flex_column.av-3qt3h-3539fc61dff8dd3b0dc3a16b0d924fdb{\nborder-radius:0px 0px 0px 0px;\npadding:0px 0px 0px 0px;\n}\n<\/style>\n<div  class='flex_column av-3qt3h-3539fc61dff8dd3b0dc3a16b0d924fdb av_one_half  avia-builder-el-3  el_after_av_one_full  el_before_av_one_half  first flex_column_div av-zero-column-padding  column-top-margin'     ><section  class='av_textblock_section av-jnb2wdc4-2ed1ebf3b1d328ebdc5642f45f70096a '   itemscope=\"itemscope\" itemtype=\"https:\/\/schema.org\/CreativeWork\" ><div class='avia_textblock'  itemprop=\"text\" ><p>A \u00f3rbita \u00e9 a cavidade na por\u00e7\u00e3o anterior do cr\u00e2nio que contem o globo ocular e as suas estruturas em torno, como os m\u00fasculos extraoculares, vasos sangu\u00edneos, o nervo \u00f3ptico, a gl\u00e2ndula lacrimal, grande quantidade de tecido adiposo, al\u00e9m de conjuntivo que circunda ou se situa atr\u00e1s do olho. Se situa em uma cavidade \u00f3ssea situada na face, que \u00e9 aberta na sua por\u00e7\u00e3o anterior e delimitada superior, inferior, medial e lateralmente por ossos da por\u00e7\u00e3o anterior do cr\u00e2nio.<span class=\"Apple-converted-space\">\u00a0<\/span><\/p>\n<p>As doen\u00e7as da \u00f3rbita podem se originar de algum dos tecidos da \u00f3rbita, serem decorrentes de invas\u00e3o da \u00f3rbita a partir de doen\u00e7as de tecidos vizinhos a ela (particularmente os seios paranasais) ou serem parte de doen\u00e7as sist\u00eamicas que acometem m\u00faltiplos \u00f3rg\u00e3os, como por exemplo a doen\u00e7a autoimune da tireoide, e processos inflamat\u00f3rios ou neopl\u00e1sicos sist\u00eamicos.<\/p>\n<\/div><\/section><\/div>\n<style type=\"text\/css\" data-created_by=\"avia_inline_auto\" id=\"style-css-av-32959-1100217983615479b1de6260a55fd560\">\n.flex_column.av-32959-1100217983615479b1de6260a55fd560{\nborder-radius:0px 0px 0px 0px;\npadding:0px 0px 0px 0px;\n}\n<\/style>\n<div  class='flex_column av-32959-1100217983615479b1de6260a55fd560 av_one_half  avia-builder-el-5  el_after_av_one_half  el_before_av_section  avia-builder-el-last  flex_column_div av-zero-column-padding  column-top-margin'     ><section  class='av_textblock_section av-jnb2wdc4-46543a31174eb5ed968e8c752d8b09d1 '   itemscope=\"itemscope\" itemtype=\"https:\/\/schema.org\/CreativeWork\" ><div class='avia_textblock'  itemprop=\"text\" ><p>O diagn\u00f3stico e tratamento das doen\u00e7as da \u00f3rbita exigem conhecimento especializado do m\u00e9dico que dever\u00e1 fazer o diagn\u00f3stico correto e orientar o tratamento que pode ser cl\u00ednico ou cir\u00fargico. Exige al\u00e9m do treinamento em oftalmologia aprofundar os conhecimentos no diagn\u00f3stico e na cirurgia de \u00f3rbita. O profissional especializado muitas vezes tem que interagir com outros profissionais envolvidos nas doen\u00e7as da \u00f3rbita de tal forma a coordenar o diagn\u00f3stico e tratamento adequados. Tais profissionais incluem: endocrinologista, radiologista, neurocirurgi\u00e3o, otorrinolaringologista, cirurgi\u00e3o de cabe\u00e7a e pesco\u00e7o, oncologista, patologista e radioterapeuta.<span class=\"Apple-converted-space\">\u00a0 \u00a0<\/span><\/p>\n<\/div><\/section><\/div>\n<\/div><\/div><\/div><!-- close content main div --><\/div><\/div>\n<style type=\"text\/css\" data-created_by=\"avia_inline_auto\" id=\"style-css-av-jnb3kp2v-d6f131031f2de242aed7a7721b98ddd6\">\n.avia-section.av-jnb3kp2v-d6f131031f2de242aed7a7721b98ddd6{\nbackground-color:#074c7d;\nbackground-image:unset;\n}\n<\/style>\n<div id='av_section_1'  class='avia-section av-jnb3kp2v-d6f131031f2de242aed7a7721b98ddd6 main_color avia-section-default avia-no-border-styling  avia-builder-el-7  el_after_av_one_half  el_before_av_heading  avia-bg-style-scroll container_wrap fullsize'  ><div class='container av-section-cont-open' ><div class='template-page content  av-content-full alpha units'><div class='post-entry post-entry-type-page post-entry-3540'><div class='entry-content-wrapper clearfix'>\n\n<style type=\"text\/css\" data-created_by=\"avia_inline_auto\" id=\"style-css-av-kbufidm7-ebac4ac0589c5094704acc067fdb3600\">\n#top .av-special-heading.av-kbufidm7-ebac4ac0589c5094704acc067fdb3600{\npadding-bottom:30px;\ncolor:#ffffff;\n}\nbody .av-special-heading.av-kbufidm7-ebac4ac0589c5094704acc067fdb3600 .av-special-heading-tag .heading-char{\nfont-size:25px;\n}\n.av-special-heading.av-kbufidm7-ebac4ac0589c5094704acc067fdb3600 .special-heading-inner-border{\nborder-color:#ffffff;\n}\n.av-special-heading.av-kbufidm7-ebac4ac0589c5094704acc067fdb3600 .av-subheading{\nfont-size:15px;\n}\n<\/style>\n<div  class='av-special-heading av-kbufidm7-ebac4ac0589c5094704acc067fdb3600 av-special-heading-h3 custom-color-heading blockquote modern-quote modern-centered  avia-builder-el-8  el_before_av_one_half  avia-builder-el-first  av-linked-heading'><h3 class='av-special-heading-tag '  itemprop=\"headline\"  >SINAIS FREQUENTES INCLUEM:<\/h3><div class=\"special-heading-border\"><div class=\"special-heading-inner-border\"><\/div><\/div><\/div>\n\n<style type=\"text\/css\" data-created_by=\"avia_inline_auto\" id=\"style-css-av-2id0p-3464e27c6262bb9df57e0a002bd4981d\">\n.flex_column.av-2id0p-3464e27c6262bb9df57e0a002bd4981d{\nborder-radius:0px 0px 0px 0px;\npadding:0px 0px 0px 0px;\n}\n<\/style>\n<div  class='flex_column av-2id0p-3464e27c6262bb9df57e0a002bd4981d av_one_half  avia-builder-el-9  el_after_av_heading  el_before_av_one_half  first flex_column_div av-zero-column-padding  '     ><style type=\"text\/css\" data-created_by=\"avia_inline_auto\" id=\"style-css-av-jnb32rw6-4bfe14845a77819890b70e91a8cb9389\">\n#top .av_textblock_section.av-jnb32rw6-4bfe14845a77819890b70e91a8cb9389 .avia_textblock{\ncolor:#ffffff;\n}\n<\/style>\n<section  class='av_textblock_section av-jnb32rw6-4bfe14845a77819890b70e91a8cb9389 '   itemscope=\"itemscope\" itemtype=\"https:\/\/schema.org\/CreativeWork\" ><div class='avia_textblock av_inherit_color'  itemprop=\"text\" ><ul>\n<li><span style=\"font-weight: 400; color: #ffffff;\">Proptose ou exoftalmia, que se traduz pela protrus\u00e3o do globo ocular<\/span><\/li>\n<li><span style=\"font-weight: 400; color: #ffffff;\">Incha\u00e7o e vermelhid\u00e3o das p\u00e1lpebras ou do olho<\/span><\/li>\n<li><span style=\"font-weight: 400; color: #ffffff;\">Dor<\/span><\/li>\n<li><span style=\"font-weight: 400; color: #ffffff;\">Vis\u00e3o dupla (diplopia)<\/span><\/li>\n<li><span style=\"font-weight: 400; color: #ffffff;\">Retra\u00e7\u00e3o palpebral<\/span><\/li>\n<\/ul>\n<\/div><\/section><\/div>\n<style type=\"text\/css\" data-created_by=\"avia_inline_auto\" id=\"style-css-av-20jcp-33f60ca14629cddf7c583e355bd0b70d\">\n.flex_column.av-20jcp-33f60ca14629cddf7c583e355bd0b70d{\nborder-radius:0px 0px 0px 0px;\npadding:0px 0px 0px 0px;\n}\n<\/style>\n<div  class='flex_column av-20jcp-33f60ca14629cddf7c583e355bd0b70d av_one_half  avia-builder-el-11  el_after_av_one_half  avia-builder-el-last  flex_column_div av-zero-column-padding  '     ><style type=\"text\/css\" data-created_by=\"avia_inline_auto\" id=\"style-css-av-jnb32rw6-4bfe14845a77819890b70e91a8cb9389\">\n#top .av_textblock_section.av-jnb32rw6-4bfe14845a77819890b70e91a8cb9389 .avia_textblock{\ncolor:#ffffff;\n}\n<\/style>\n<section  class='av_textblock_section av-jnb32rw6-4bfe14845a77819890b70e91a8cb9389 '   itemscope=\"itemscope\" itemtype=\"https:\/\/schema.org\/CreativeWork\" ><div class='avia_textblock av_inherit_color'  itemprop=\"text\" ><ul>\n<li><span style=\"font-weight: 400; color: #ffffff;\">Perda visual<\/span><\/li>\n<li><span style=\"font-weight: 400; color: #ffffff;\">Enoftalmia (olhos se posicionando mais profundamente na \u00f3rbita em rela\u00e7\u00e3o ao contralateral)<\/span><\/li>\n<li><span style=\"font-weight: 400; color: #ffffff;\">Deslocamento ocular para cima, para baixo, para o lado do nariz ou para o lado da t\u00eampora<\/span><\/li>\n<\/ul>\n<\/div><\/section><\/div><\/div><\/div><\/div><!-- close content main div --><\/div><\/div><div id='after_section_1'  class='main_color av_default_container_wrap container_wrap fullsize'  ><div class='container av-section-cont-open' ><div class='template-page content  av-content-full alpha units'><div class='post-entry post-entry-type-page post-entry-3540'><div class='entry-content-wrapper clearfix'>\n<style type=\"text\/css\" data-created_by=\"avia_inline_auto\" id=\"style-css-av-av_heading-17ffae8fc0b6c95228f29801ccf2215f\">\n#top .av-special-heading.av-av_heading-17ffae8fc0b6c95228f29801ccf2215f{\npadding-bottom:30px;\n}\nbody .av-special-heading.av-av_heading-17ffae8fc0b6c95228f29801ccf2215f .av-special-heading-tag .heading-char{\nfont-size:25px;\n}\n.av-special-heading.av-av_heading-17ffae8fc0b6c95228f29801ccf2215f .av-subheading{\nfont-size:15px;\n}\n<\/style>\n<div  class='av-special-heading av-av_heading-17ffae8fc0b6c95228f29801ccf2215f av-special-heading-h3 blockquote classic-quote  avia-builder-el-13  el_after_av_section  el_before_av_one_half  avia-builder-el-first  av-linked-heading'><h3 class='av-special-heading-tag '  itemprop=\"headline\"  >AS DOEN\u00c7AS MAIS COMUNS DA \u00d3RBITA S\u00c3O:<\/h3><div class=\"special-heading-border\"><div class=\"special-heading-inner-border\"><\/div><\/div><\/div>\n\n<style type=\"text\/css\" data-created_by=\"avia_inline_auto\" id=\"style-css-av-rci1-32415180da28e225bb4425ee9aa2bd60\">\n.flex_column.av-rci1-32415180da28e225bb4425ee9aa2bd60{\nborder-radius:0px 0px 0px 0px;\npadding:0px 0px 0px 0px;\n}\n<\/style>\n<div  class='flex_column av-rci1-32415180da28e225bb4425ee9aa2bd60 av_one_half  avia-builder-el-14  el_after_av_heading  el_before_av_one_half  first flex_column_div av-zero-column-padding  '     ><section  class='av_textblock_section av-jnb32rw6-6a8ee272fc0707bdf3577db27a800840 '   itemscope=\"itemscope\" itemtype=\"https:\/\/schema.org\/CreativeWork\" ><div class='avia_textblock'  itemprop=\"text\" ><ul>\n<li><span style=\"font-weight: 400;\">Doen\u00e7a ocular relacionada a tire\u00f3ide (Orbitopatia de Graves ou Orbitopatia Distireoidiana)<\/span><\/li>\n<li><span style=\"font-weight: 400;\">Inflama\u00e7\u00e3o orbit\u00e1ria, tamb\u00e9m chamada de pseudotumor orbit\u00e1rio ou inflama\u00e7\u00e3o orbit\u00e1ria inespec\u00edfica<\/span><\/li>\n<li><span style=\"font-weight: 400;\">Infec\u00e7\u00f5es orbit\u00e1rias como a celulite e os abscessos da \u00f3rbita<\/span><\/li>\n<li><span style=\"font-weight: 400;\">Les\u00f5es traum\u00e1ticas como as fraturas ou os corpos estranhos orbitais<\/span><\/li>\n<li><span style=\"font-weight: 400;\">Tumores vasculares da \u00f3rbita, em especial os hemangiomas e os linfangiomas<\/span><\/li>\n<\/ul>\n<\/div><\/section><\/div>\n\n<style type=\"text\/css\" data-created_by=\"avia_inline_auto\" id=\"style-css-av-rci1-3920434edbf52a72cfd34e648cb80405\">\n.flex_column.av-rci1-3920434edbf52a72cfd34e648cb80405{\nborder-radius:0px 0px 0px 0px;\npadding:0px 0px 0px 0px;\n}\n<\/style>\n<div  class='flex_column av-rci1-3920434edbf52a72cfd34e648cb80405 av_one_half  avia-builder-el-16  el_after_av_one_half  avia-builder-el-last  flex_column_div av-zero-column-padding  '     ><section  class='av_textblock_section av-jnb32rw6-6a8ee272fc0707bdf3577db27a800840 '   itemscope=\"itemscope\" itemtype=\"https:\/\/schema.org\/CreativeWork\" ><div class='avia_textblock'  itemprop=\"text\" ><ul>\n<li><span style=\"font-weight: 400;\">Tumores do nervo \u00f3ptico, como o glioma e o meningioma<\/span><\/li>\n<li><span style=\"font-weight: 400;\">Tumores da gl\u00e2ndula lacrimal<\/span><\/li>\n<li><span style=\"font-weight: 400;\">Tumores linfoides<\/span><\/li>\n<li><span style=\"font-weight: 400;\">Outros tumores prim\u00e1rios ou metast\u00e1ticos acometendo a \u00f3rbita<\/span><\/li>\n<li><span style=\"font-weight: 400;\">Les\u00f5es c\u00edsticas como o cisto derm\u00f3ide e a mucocele<\/span><\/li>\n<li><span style=\"font-weight: 400;\">Fistulas car\u00f3tido-cavernosas<\/span><\/li>\n<li><span style=\"font-weight: 400;\">Malforma\u00e7\u00f5es cong\u00eanitas da \u00f3rbita<\/span><\/li>\n<\/ul>\n<\/div><\/section><\/div>\n","protected":false},"excerpt":{"rendered":"","protected":false},"author":3,"featured_media":0,"parent":0,"menu_order":0,"comment_status":"closed","ping_status":"closed","template":"","meta":{"footnotes":""},"class_list":["post-3540","page","type-page","status-publish","hentry"],"yoast_head":"<!-- This site is optimized with the Yoast SEO plugin v26.6 - https:\/\/yoast.com\/wordpress\/plugins\/seo\/ -->\n<title>Doen\u00e7as da \u00d3rbita - Sinais Frequente - Cl\u00ednica M\u00e1rio Monteiro<\/title>\n<meta name=\"description\" content=\"Doen\u00e7as da \u00f3rbita podem se originar de algum dos tecidos da \u00f3rbita, decorrentes a partir de doen\u00e7as de tecidos vizinhos ou serem parte de doen\u00e7as sist\u00eamicas\" \/>\n<meta name=\"robots\" content=\"index, follow, max-snippet:-1, max-image-preview:large, max-video-preview:-1\" \/>\n<link rel=\"canonical\" href=\"https:\/\/clinicamariomonteiro.com.br\/site\/doencas-da-orbita\/\" \/>\n<meta property=\"og:locale\" content=\"pt_BR\" \/>\n<meta property=\"og:type\" content=\"article\" \/>\n<meta property=\"og:title\" content=\"Doen\u00e7as da \u00d3rbita - Sinais Frequente - Cl\u00ednica M\u00e1rio Monteiro\" \/>\n<meta property=\"og:description\" content=\"Doen\u00e7as da \u00f3rbita podem se originar de algum dos tecidos da \u00f3rbita, decorrentes a partir de doen\u00e7as de tecidos vizinhos ou serem parte de doen\u00e7as sist\u00eamicas\" \/>\n<meta property=\"og:url\" content=\"https:\/\/clinicamariomonteiro.com.br\/site\/doencas-da-orbita\/\" \/>\n<meta property=\"og:site_name\" content=\"Cl\u00ednica M\u00e1rio Monteiro\" \/>\n<meta property=\"article:modified_time\" content=\"2020-06-25T07:01:08+00:00\" \/>\n<meta name=\"twitter:card\" content=\"summary_large_image\" \/>\n<meta name=\"twitter:label1\" content=\"Est. tempo de leitura\" \/>\n\t<meta name=\"twitter:data1\" content=\"8 minutos\" \/>\n<script type=\"application\/ld+json\" class=\"yoast-schema-graph\">{\"@context\":\"https:\/\/schema.org\",\"@graph\":[{\"@type\":\"WebPage\",\"@id\":\"https:\/\/clinicamariomonteiro.com.br\/site\/doencas-da-orbita\/\",\"url\":\"https:\/\/clinicamariomonteiro.com.br\/site\/doencas-da-orbita\/\",\"name\":\"Doen\u00e7as da \u00d3rbita - Sinais Frequente - Cl\u00ednica M\u00e1rio Monteiro\",\"isPartOf\":{\"@id\":\"https:\/\/clinicamariomonteiro.com.br\/site\/#website\"},\"datePublished\":\"2019-01-27T13:39:06+00:00\",\"dateModified\":\"2020-06-25T07:01:08+00:00\",\"description\":\"Doen\u00e7as da \u00f3rbita podem se originar de algum dos tecidos da \u00f3rbita, decorrentes a partir de doen\u00e7as de tecidos vizinhos ou serem parte de doen\u00e7as sist\u00eamicas\",\"breadcrumb\":{\"@id\":\"https:\/\/clinicamariomonteiro.com.br\/site\/doencas-da-orbita\/#breadcrumb\"},\"inLanguage\":\"pt-BR\",\"potentialAction\":[{\"@type\":\"ReadAction\",\"target\":[\"https:\/\/clinicamariomonteiro.com.br\/site\/doencas-da-orbita\/\"]}]},{\"@type\":\"BreadcrumbList\",\"@id\":\"https:\/\/clinicamariomonteiro.com.br\/site\/doencas-da-orbita\/#breadcrumb\",\"itemListElement\":[{\"@type\":\"ListItem\",\"position\":1,\"name\":\"In\u00edcio\",\"item\":\"https:\/\/clinicamariomonteiro.com.br\/site\/\"},{\"@type\":\"ListItem\",\"position\":2,\"name\":\"Doen\u00e7as da \u00d3rbita\"}]},{\"@type\":\"WebSite\",\"@id\":\"https:\/\/clinicamariomonteiro.com.br\/site\/#website\",\"url\":\"https:\/\/clinicamariomonteiro.com.br\/site\/\",\"name\":\"Cl\u00ednica M\u00e1rio Monteiro\",\"description\":\"Cl\u00ednica de oftalmologia, neuroftalmologia e doen\u00e7as da \u00f3rbita\",\"publisher\":{\"@id\":\"https:\/\/clinicamariomonteiro.com.br\/site\/#organization\"},\"potentialAction\":[{\"@type\":\"SearchAction\",\"target\":{\"@type\":\"EntryPoint\",\"urlTemplate\":\"https:\/\/clinicamariomonteiro.com.br\/site\/?s={search_term_string}\"},\"query-input\":{\"@type\":\"PropertyValueSpecification\",\"valueRequired\":true,\"valueName\":\"search_term_string\"}}],\"inLanguage\":\"pt-BR\"},{\"@type\":\"Organization\",\"@id\":\"https:\/\/clinicamariomonteiro.com.br\/site\/#organization\",\"name\":\"Cl\u00ednica Dr. M\u00e1rio Monteiro\",\"url\":\"https:\/\/clinicamariomonteiro.com.br\/site\/\",\"logo\":{\"@type\":\"ImageObject\",\"inLanguage\":\"pt-BR\",\"@id\":\"https:\/\/clinicamariomonteiro.com.br\/site\/#\/schema\/logo\/image\/\",\"url\":\"https:\/\/clinicamariomonteiro.com.br\/site\/wp-content\/uploads\/2016\/06\/logoClinica_cmm.png\",\"contentUrl\":\"https:\/\/clinicamariomonteiro.com.br\/site\/wp-content\/uploads\/2016\/06\/logoClinica_cmm.png\",\"width\":340,\"height\":156,\"caption\":\"Cl\u00ednica Dr. M\u00e1rio Monteiro\"},\"image\":{\"@id\":\"https:\/\/clinicamariomonteiro.com.br\/site\/#\/schema\/logo\/image\/\"}}]}<\/script>\n<!-- \/ Yoast SEO plugin. -->","yoast_head_json":{"title":"Doen\u00e7as da \u00d3rbita - Sinais Frequente - Cl\u00ednica M\u00e1rio Monteiro","description":"Doen\u00e7as da \u00f3rbita podem se originar de algum dos tecidos da \u00f3rbita, decorrentes a partir de doen\u00e7as de tecidos vizinhos ou serem parte de doen\u00e7as sist\u00eamicas","robots":{"index":"index","follow":"follow","max-snippet":"max-snippet:-1","max-image-preview":"max-image-preview:large","max-video-preview":"max-video-preview:-1"},"canonical":"https:\/\/clinicamariomonteiro.com.br\/site\/doencas-da-orbita\/","og_locale":"pt_BR","og_type":"article","og_title":"Doen\u00e7as da \u00d3rbita - Sinais Frequente - Cl\u00ednica M\u00e1rio Monteiro","og_description":"Doen\u00e7as da \u00f3rbita podem se originar de algum dos tecidos da \u00f3rbita, decorrentes a partir de doen\u00e7as de tecidos vizinhos ou serem parte de doen\u00e7as sist\u00eamicas","og_url":"https:\/\/clinicamariomonteiro.com.br\/site\/doencas-da-orbita\/","og_site_name":"Cl\u00ednica M\u00e1rio Monteiro","article_modified_time":"2020-06-25T07:01:08+00:00","twitter_card":"summary_large_image","twitter_misc":{"Est. tempo de leitura":"8 minutos"},"schema":{"@context":"https:\/\/schema.org","@graph":[{"@type":"WebPage","@id":"https:\/\/clinicamariomonteiro.com.br\/site\/doencas-da-orbita\/","url":"https:\/\/clinicamariomonteiro.com.br\/site\/doencas-da-orbita\/","name":"Doen\u00e7as da \u00d3rbita - Sinais Frequente - Cl\u00ednica M\u00e1rio Monteiro","isPartOf":{"@id":"https:\/\/clinicamariomonteiro.com.br\/site\/#website"},"datePublished":"2019-01-27T13:39:06+00:00","dateModified":"2020-06-25T07:01:08+00:00","description":"Doen\u00e7as da \u00f3rbita podem se originar de algum dos tecidos da \u00f3rbita, decorrentes a partir de doen\u00e7as de tecidos vizinhos ou serem parte de doen\u00e7as sist\u00eamicas","breadcrumb":{"@id":"https:\/\/clinicamariomonteiro.com.br\/site\/doencas-da-orbita\/#breadcrumb"},"inLanguage":"pt-BR","potentialAction":[{"@type":"ReadAction","target":["https:\/\/clinicamariomonteiro.com.br\/site\/doencas-da-orbita\/"]}]},{"@type":"BreadcrumbList","@id":"https:\/\/clinicamariomonteiro.com.br\/site\/doencas-da-orbita\/#breadcrumb","itemListElement":[{"@type":"ListItem","position":1,"name":"In\u00edcio","item":"https:\/\/clinicamariomonteiro.com.br\/site\/"},{"@type":"ListItem","position":2,"name":"Doen\u00e7as da \u00d3rbita"}]},{"@type":"WebSite","@id":"https:\/\/clinicamariomonteiro.com.br\/site\/#website","url":"https:\/\/clinicamariomonteiro.com.br\/site\/","name":"Cl\u00ednica M\u00e1rio Monteiro","description":"Cl\u00ednica de oftalmologia, neuroftalmologia e doen\u00e7as da \u00f3rbita","publisher":{"@id":"https:\/\/clinicamariomonteiro.com.br\/site\/#organization"},"potentialAction":[{"@type":"SearchAction","target":{"@type":"EntryPoint","urlTemplate":"https:\/\/clinicamariomonteiro.com.br\/site\/?s={search_term_string}"},"query-input":{"@type":"PropertyValueSpecification","valueRequired":true,"valueName":"search_term_string"}}],"inLanguage":"pt-BR"},{"@type":"Organization","@id":"https:\/\/clinicamariomonteiro.com.br\/site\/#organization","name":"Cl\u00ednica Dr. M\u00e1rio Monteiro","url":"https:\/\/clinicamariomonteiro.com.br\/site\/","logo":{"@type":"ImageObject","inLanguage":"pt-BR","@id":"https:\/\/clinicamariomonteiro.com.br\/site\/#\/schema\/logo\/image\/","url":"https:\/\/clinicamariomonteiro.com.br\/site\/wp-content\/uploads\/2016\/06\/logoClinica_cmm.png","contentUrl":"https:\/\/clinicamariomonteiro.com.br\/site\/wp-content\/uploads\/2016\/06\/logoClinica_cmm.png","width":340,"height":156,"caption":"Cl\u00ednica Dr. M\u00e1rio Monteiro"},"image":{"@id":"https:\/\/clinicamariomonteiro.com.br\/site\/#\/schema\/logo\/image\/"}}]}},"_links":{"self":[{"href":"https:\/\/clinicamariomonteiro.com.br\/site\/wp-json\/wp\/v2\/pages\/3540","targetHints":{"allow":["GET"]}}],"collection":[{"href":"https:\/\/clinicamariomonteiro.com.br\/site\/wp-json\/wp\/v2\/pages"}],"about":[{"href":"https:\/\/clinicamariomonteiro.com.br\/site\/wp-json\/wp\/v2\/types\/page"}],"author":[{"embeddable":true,"href":"https:\/\/clinicamariomonteiro.com.br\/site\/wp-json\/wp\/v2\/users\/3"}],"replies":[{"embeddable":true,"href":"https:\/\/clinicamariomonteiro.com.br\/site\/wp-json\/wp\/v2\/comments?post=3540"}],"version-history":[{"count":10,"href":"https:\/\/clinicamariomonteiro.com.br\/site\/wp-json\/wp\/v2\/pages\/3540\/revisions"}],"predecessor-version":[{"id":3718,"href":"https:\/\/clinicamariomonteiro.com.br\/site\/wp-json\/wp\/v2\/pages\/3540\/revisions\/3718"}],"wp:attachment":[{"href":"https:\/\/clinicamariomonteiro.com.br\/site\/wp-json\/wp\/v2\/media?parent=3540"}],"curies":[{"name":"wp","href":"https:\/\/api.w.org\/{rel}","templated":true}]}}