{"id":3828,"date":"2020-06-22T13:01:58","date_gmt":"2020-06-22T16:01:58","guid":{"rendered":"http:\/\/clinicamariomonteiro.com.br\/site\/?page_id=3828"},"modified":"2020-06-24T14:22:27","modified_gmt":"2020-06-24T17:22:27","slug":"artigos","status":"publish","type":"page","link":"https:\/\/clinicamariomonteiro.com.br\/site\/artigos\/","title":{"rendered":"Artigos"},"content":{"rendered":"<div  class='av-alb-blogposts template-blog  av-blog-meta-author-disabled av-blog-meta-comments-disabled av-blog-meta-category-disabled av-blog-meta-date-disabled av-blog-meta-html-info-disabled av-blog-meta-tag-disabled '  itemscope=\"itemscope\" itemtype=\"https:\/\/schema.org\/Blog\" ><article class=\"post-entry post-entry-type-standard post-entry-3983 post-loop-1 post-parity-odd bloglist-excerpt with-slider post-3983 post type-post status-publish format-standard has-post-thumbnail hentry category-ptoses-palpebrais tag-nervo-oculomotor tag-pseudoptose tag-ptose-congenita tag-ptoses-palpebrais\"  itemscope=\"itemscope\" itemtype=\"https:\/\/schema.org\/BlogPosting\" ><div class=\"blog-meta\"><\/div><div class='entry-content-wrapper clearfix standard-content'><header class=\"entry-content-header\" aria-label=\"Post: Diagn\u00f3stico Diferencial das Ptoses Palpebrais\"><h2 class='post-title entry-title '  itemprop=\"headline\" ><a href=\"https:\/\/clinicamariomonteiro.com.br\/site\/diagnostico-diferencial-das-ptoses-palpebrais\/\" rel=\"bookmark\" title=\"Link permanente: Diagn\u00f3stico Diferencial das Ptoses Palpebrais\">Diagn\u00f3stico Diferencial das Ptoses Palpebrais<span class=\"post-format-icon minor-meta\"><\/span><\/a><\/h2><span class=\"post-meta-infos\"><\/span><\/header><p>Ptose palpebral ou blefaroptose \u00e9 a condi\u00e7\u00e3o em que a margem da p\u00e1lpebra superior est\u00e1 situada em um n\u00edvel mais baixo que o normal, na posi\u00e7\u00e3o prim\u00e1ria do olhar, cobrindo mais do que 2 mm superiores da c\u00f3rnea. Pode ser causada por in\u00fameras condi\u00e7\u00f5es neurol\u00f3gicas e neuromusculares al\u00e9m de processos locais e anomalias cong\u00eanitas. <\/p>\n<div class=\"read-more-link\"><a href=\"https:\/\/clinicamariomonteiro.com.br\/site\/diagnostico-diferencial-das-ptoses-palpebrais\/\" class=\"more-link\">Leia mais<span class='more-link-arrow avia-svg-icon avia-font-svg_entypo-fontello' data-av_svg_icon='right-open-big' data-av_iconset='svg_entypo-fontello'><svg version=\"1.1\" xmlns=\"http:\/\/www.w3.org\/2000\/svg\" width=\"15\" height=\"32\" viewBox=\"0 0 15 32\" preserveAspectRatio=\"xMidYMid meet\" role=\"graphics-symbol\" aria-hidden=\"true\">\n<path d=\"M0.416 27.84l11.456-11.84-11.456-11.904q-0.832-0.832 0-1.536 0.832-0.832 1.536 0l12.544 12.608q0.768 0.832 0 1.6l-12.544 12.608q-0.704 0.832-1.536 0-0.832-0.704 0-1.536z\"><\/path>\n<\/svg><\/span><\/a><\/div><footer class=\"entry-footer\"><\/footer><div class='post_delimiter'><\/div><\/div><div class=\"post_author_timeline\"><\/div><span class='hidden'>\n\t\t\t\t<span class='av-structured-data'  itemprop=\"image\" itemscope=\"itemscope\" itemtype=\"https:\/\/schema.org\/ImageObject\" >\n\t\t\t\t\t\t<span itemprop='url'>https:\/\/clinicamariomonteiro.com.br\/site\/wp-content\/uploads\/2021\/04\/Figura-1.jpg<\/span>\n\t\t\t\t\t\t<span itemprop='height'>453<\/span>\n\t\t\t\t\t\t<span itemprop='width'>950<\/span>\n\t\t\t\t<\/span>\n\t\t\t\t<span class='av-structured-data'  itemprop=\"publisher\" itemtype=\"https:\/\/schema.org\/Organization\" itemscope=\"itemscope\" >\n\t\t\t\t\t\t<span itemprop='name'>mMonteiro<\/span>\n\t\t\t\t\t\t<span itemprop='logo' itemscope itemtype='https:\/\/schema.org\/ImageObject'>\n\t\t\t\t\t\t\t<span itemprop='url'>http:\/\/clinicamariomonteiro.com.br\/site\/wp-content\/uploads\/2016\/06\/logoClinica_cmm.png<\/span>\n\t\t\t\t\t\t<\/span>\n\t\t\t\t<\/span><span class='av-structured-data'  itemprop=\"author\" itemscope=\"itemscope\" itemtype=\"https:\/\/schema.org\/Person\" ><span itemprop='name'>mMonteiro<\/span><\/span><span class='av-structured-data'  itemprop=\"datePublished\" datetime=\"2021-04-10T10:16:09-03:00\" >2021-04-10 10:16:09<\/span><span class='av-structured-data'  itemprop=\"dateModified\" itemtype=\"https:\/\/schema.org\/dateModified\" >2023-07-12 09:05:29<\/span><span class='av-structured-data'  itemprop=\"mainEntityOfPage\" itemtype=\"https:\/\/schema.org\/mainEntityOfPage\" ><span itemprop='name'>Diagn\u00f3stico Diferencial das Ptoses Palpebrais<\/span><\/span><\/span><\/article><article class=\"post-entry post-entry-type-standard post-entry-3939 post-loop-2 post-parity-even bloglist-excerpt with-slider post-3939 post type-post status-publish format-standard has-post-thumbnail hentry category-anisocoria tag-disco-optico tag-edema-de-papila\"  itemscope=\"itemscope\" itemtype=\"https:\/\/schema.org\/BlogPosting\" ><div class=\"blog-meta\"><\/div><div class='entry-content-wrapper clearfix standard-content'><header class=\"entry-content-header\" aria-label=\"Post: Anisocoria\"><h2 class='post-title entry-title '  itemprop=\"headline\" ><a href=\"https:\/\/clinicamariomonteiro.com.br\/site\/aniscoria\/\" rel=\"bookmark\" title=\"Link permanente: Anisocoria\">Anisocoria<span class=\"post-format-icon minor-meta\"><\/span><\/a><\/h2><span class=\"post-meta-infos\"><\/span><\/header><p>\u00c9 o nome dado quando existe diferen\u00e7a entre o tamanho das pupilas). Pode ser uma condi\u00e7\u00e3o normal ou decorrente de doen\u00e7as oculares ou de les\u00f5es que acometem os nervos que controlam a contra\u00e7\u00e3o e a dilata\u00e7\u00e3o da pupila.\u00a0 Uma diferen\u00e7a no tamanho da pupila pode ser normal em algumas pessoas (anisocoria fisiol\u00f3gica). Por\u00e9m, se uma diferen\u00e7a maior estiver presente e persistir, deve ser investigada pois pode ter v\u00e1rias causas incluindo doen\u00e7as neurol\u00f3gicas graves e que necessitem tratamento de urg\u00eancia.<\/p>\n<div class=\"read-more-link\"><a href=\"https:\/\/clinicamariomonteiro.com.br\/site\/aniscoria\/\" class=\"more-link\">Leia mais<span class='more-link-arrow avia-svg-icon avia-font-svg_entypo-fontello' data-av_svg_icon='right-open-big' data-av_iconset='svg_entypo-fontello'><svg version=\"1.1\" xmlns=\"http:\/\/www.w3.org\/2000\/svg\" width=\"15\" height=\"32\" viewBox=\"0 0 15 32\" preserveAspectRatio=\"xMidYMid meet\" role=\"graphics-symbol\" aria-hidden=\"true\">\n<path d=\"M0.416 27.84l11.456-11.84-11.456-11.904q-0.832-0.832 0-1.536 0.832-0.832 1.536 0l12.544 12.608q0.768 0.832 0 1.6l-12.544 12.608q-0.704 0.832-1.536 0-0.832-0.704 0-1.536z\"><\/path>\n<\/svg><\/span><\/a><\/div><footer class=\"entry-footer\"><\/footer><div class='post_delimiter'><\/div><\/div><div class=\"post_author_timeline\"><\/div><span class='hidden'>\n\t\t\t\t<span class='av-structured-data'  itemprop=\"image\" itemscope=\"itemscope\" itemtype=\"https:\/\/schema.org\/ImageObject\" >\n\t\t\t\t\t\t<span itemprop='url'>https:\/\/clinicamariomonteiro.com.br\/site\/wp-content\/uploads\/2020\/07\/pupilatonicaAdie_figura3.jpeg<\/span>\n\t\t\t\t\t\t<span itemprop='height'>656<\/span>\n\t\t\t\t\t\t<span itemprop='width'>964<\/span>\n\t\t\t\t<\/span>\n\t\t\t\t<span class='av-structured-data'  itemprop=\"publisher\" itemtype=\"https:\/\/schema.org\/Organization\" itemscope=\"itemscope\" >\n\t\t\t\t\t\t<span itemprop='name'>mMonteiro<\/span>\n\t\t\t\t\t\t<span itemprop='logo' itemscope itemtype='https:\/\/schema.org\/ImageObject'>\n\t\t\t\t\t\t\t<span itemprop='url'>http:\/\/clinicamariomonteiro.com.br\/site\/wp-content\/uploads\/2016\/06\/logoClinica_cmm.png<\/span>\n\t\t\t\t\t\t<\/span>\n\t\t\t\t<\/span><span class='av-structured-data'  itemprop=\"author\" itemscope=\"itemscope\" itemtype=\"https:\/\/schema.org\/Person\" ><span itemprop='name'>mMonteiro<\/span><\/span><span class='av-structured-data'  itemprop=\"datePublished\" datetime=\"2020-07-13T20:06:23-03:00\" >2020-07-13 20:06:23<\/span><span class='av-structured-data'  itemprop=\"dateModified\" itemtype=\"https:\/\/schema.org\/dateModified\" >2023-07-12 09:05:30<\/span><span class='av-structured-data'  itemprop=\"mainEntityOfPage\" itemtype=\"https:\/\/schema.org\/mainEntityOfPage\" ><span itemprop='name'>Anisocoria<\/span><\/span><\/span><\/article><article class=\"post-entry post-entry-type-standard post-entry-3902 post-loop-3 post-parity-odd post-entry-last bloglist-excerpt with-slider post-3902 post type-post status-publish format-standard has-post-thumbnail hentry category-edema-de-papila tag-disco-optico tag-edema-de-papila\"  itemscope=\"itemscope\" itemtype=\"https:\/\/schema.org\/BlogPosting\" ><div class=\"blog-meta\"><\/div><div class='entry-content-wrapper clearfix standard-content'><header class=\"entry-content-header\" aria-label=\"Post: Diagn\u00f3stico Diferencial dos Edemas de Papila\"><h2 class='post-title entry-title '  itemprop=\"headline\" ><a href=\"https:\/\/clinicamariomonteiro.com.br\/site\/diagnostico-diferencial-do-edema-de-papila\/\" rel=\"bookmark\" title=\"Link permanente: Diagn\u00f3stico Diferencial dos Edemas de Papila\">Diagn\u00f3stico Diferencial dos Edemas de Papila<span class=\"post-format-icon minor-meta\"><\/span><\/a><\/h2><span class=\"post-meta-infos\"><\/span><\/header><p>Edema de papila se refere a uma altera\u00e7\u00e3o oftalmosc\u00f3pica caracterizada pelo velamento e eleva\u00e7\u00e3o das margens a papila ou disco do nervo \u00f3ptico. Assim, \u00e9 um quadro sindr\u00f3mico que ocorre em uma s\u00e9rie de afe\u00e7\u00f5es do nervo \u00f3ptico sendo o seu diagn\u00f3stico diferencial extremamente importante.<\/p>\n<div class=\"read-more-link\"><a href=\"https:\/\/clinicamariomonteiro.com.br\/site\/diagnostico-diferencial-do-edema-de-papila\/\" class=\"more-link\">Leia mais<span class='more-link-arrow avia-svg-icon avia-font-svg_entypo-fontello' data-av_svg_icon='right-open-big' data-av_iconset='svg_entypo-fontello'><svg version=\"1.1\" xmlns=\"http:\/\/www.w3.org\/2000\/svg\" width=\"15\" height=\"32\" viewBox=\"0 0 15 32\" preserveAspectRatio=\"xMidYMid meet\" role=\"graphics-symbol\" aria-hidden=\"true\">\n<path d=\"M0.416 27.84l11.456-11.84-11.456-11.904q-0.832-0.832 0-1.536 0.832-0.832 1.536 0l12.544 12.608q0.768 0.832 0 1.6l-12.544 12.608q-0.704 0.832-1.536 0-0.832-0.704 0-1.536z\"><\/path>\n<\/svg><\/span><\/a><\/div><footer class=\"entry-footer\"><\/footer><div class='post_delimiter'><\/div><\/div><div class=\"post_author_timeline\"><\/div><span class='hidden'>\n\t\t\t\t<span class='av-structured-data'  itemprop=\"image\" itemscope=\"itemscope\" itemtype=\"https:\/\/schema.org\/ImageObject\" >\n\t\t\t\t\t\t<span itemprop='url'>https:\/\/clinicamariomonteiro.com.br\/site\/wp-content\/uploads\/2020\/06\/edema_de_papila.jpg<\/span>\n\t\t\t\t\t\t<span itemprop='height'>719<\/span>\n\t\t\t\t\t\t<span itemprop='width'>838<\/span>\n\t\t\t\t<\/span>\n\t\t\t\t<span class='av-structured-data'  itemprop=\"publisher\" itemtype=\"https:\/\/schema.org\/Organization\" itemscope=\"itemscope\" >\n\t\t\t\t\t\t<span itemprop='name'>mMonteiro<\/span>\n\t\t\t\t\t\t<span itemprop='logo' itemscope itemtype='https:\/\/schema.org\/ImageObject'>\n\t\t\t\t\t\t\t<span itemprop='url'>http:\/\/clinicamariomonteiro.com.br\/site\/wp-content\/uploads\/2016\/06\/logoClinica_cmm.png<\/span>\n\t\t\t\t\t\t<\/span>\n\t\t\t\t<\/span><span class='av-structured-data'  itemprop=\"author\" itemscope=\"itemscope\" itemtype=\"https:\/\/schema.org\/Person\" ><span itemprop='name'>mMonteiro<\/span><\/span><span class='av-structured-data'  itemprop=\"datePublished\" datetime=\"2020-06-29T17:51:03-03:00\" >2020-06-29 17:51:03<\/span><span class='av-structured-data'  itemprop=\"dateModified\" itemtype=\"https:\/\/schema.org\/dateModified\" >2023-07-12 09:05:30<\/span><span class='av-structured-data'  itemprop=\"mainEntityOfPage\" itemtype=\"https:\/\/schema.org\/mainEntityOfPage\" ><span itemprop='name'>Diagn\u00f3stico Diferencial dos Edemas de Papila<\/span><\/span><\/span><\/article><div class='bloglist-excerpt'><\/div><\/div>\n","protected":false},"excerpt":{"rendered":"","protected":false},"author":3,"featured_media":0,"parent":0,"menu_order":0,"comment_status":"closed","ping_status":"closed","template":"","meta":{"footnotes":""},"class_list":["post-3828","page","type-page","status-publish","hentry"],"yoast_head":"<!-- This site is optimized with the Yoast SEO plugin v26.6 - https:\/\/yoast.com\/wordpress\/plugins\/seo\/ -->\n<title>Artigos - Cl\u00ednica M\u00e1rio Monteiro<\/title>\n<meta name=\"robots\" content=\"index, follow, max-snippet:-1, max-image-preview:large, max-video-preview:-1\" \/>\n<link rel=\"canonical\" href=\"https:\/\/clinicamariomonteiro.com.br\/site\/artigos\/\" \/>\n<meta property=\"og:locale\" content=\"pt_BR\" \/>\n<meta property=\"og:type\" content=\"article\" \/>\n<meta property=\"og:title\" content=\"Artigos - Cl\u00ednica M\u00e1rio Monteiro\" \/>\n<meta property=\"og:url\" content=\"https:\/\/clinicamariomonteiro.com.br\/site\/artigos\/\" \/>\n<meta property=\"og:site_name\" content=\"Cl\u00ednica M\u00e1rio Monteiro\" \/>\n<meta property=\"article:modified_time\" content=\"2020-06-24T17:22:27+00:00\" \/>\n<meta name=\"twitter:card\" content=\"summary_large_image\" \/>\n<script type=\"application\/ld+json\" class=\"yoast-schema-graph\">{\"@context\":\"https:\/\/schema.org\",\"@graph\":[{\"@type\":\"WebPage\",\"@id\":\"https:\/\/clinicamariomonteiro.com.br\/site\/artigos\/\",\"url\":\"https:\/\/clinicamariomonteiro.com.br\/site\/artigos\/\",\"name\":\"Artigos - Cl\u00ednica M\u00e1rio Monteiro\",\"isPartOf\":{\"@id\":\"https:\/\/clinicamariomonteiro.com.br\/site\/#website\"},\"datePublished\":\"2020-06-22T16:01:58+00:00\",\"dateModified\":\"2020-06-24T17:22:27+00:00\",\"breadcrumb\":{\"@id\":\"https:\/\/clinicamariomonteiro.com.br\/site\/artigos\/#breadcrumb\"},\"inLanguage\":\"pt-BR\",\"potentialAction\":[{\"@type\":\"ReadAction\",\"target\":[\"https:\/\/clinicamariomonteiro.com.br\/site\/artigos\/\"]}]},{\"@type\":\"BreadcrumbList\",\"@id\":\"https:\/\/clinicamariomonteiro.com.br\/site\/artigos\/#breadcrumb\",\"itemListElement\":[{\"@type\":\"ListItem\",\"position\":1,\"name\":\"In\u00edcio\",\"item\":\"https:\/\/clinicamariomonteiro.com.br\/site\/\"},{\"@type\":\"ListItem\",\"position\":2,\"name\":\"Artigos\"}]},{\"@type\":\"WebSite\",\"@id\":\"https:\/\/clinicamariomonteiro.com.br\/site\/#website\",\"url\":\"https:\/\/clinicamariomonteiro.com.br\/site\/\",\"name\":\"Cl\u00ednica M\u00e1rio Monteiro\",\"description\":\"Cl\u00ednica de oftalmologia, neuroftalmologia e doen\u00e7as da \u00f3rbita\",\"publisher\":{\"@id\":\"https:\/\/clinicamariomonteiro.com.br\/site\/#organization\"},\"potentialAction\":[{\"@type\":\"SearchAction\",\"target\":{\"@type\":\"EntryPoint\",\"urlTemplate\":\"https:\/\/clinicamariomonteiro.com.br\/site\/?s={search_term_string}\"},\"query-input\":{\"@type\":\"PropertyValueSpecification\",\"valueRequired\":true,\"valueName\":\"search_term_string\"}}],\"inLanguage\":\"pt-BR\"},{\"@type\":\"Organization\",\"@id\":\"https:\/\/clinicamariomonteiro.com.br\/site\/#organization\",\"name\":\"Cl\u00ednica Dr. M\u00e1rio Monteiro\",\"url\":\"https:\/\/clinicamariomonteiro.com.br\/site\/\",\"logo\":{\"@type\":\"ImageObject\",\"inLanguage\":\"pt-BR\",\"@id\":\"https:\/\/clinicamariomonteiro.com.br\/site\/#\/schema\/logo\/image\/\",\"url\":\"https:\/\/clinicamariomonteiro.com.br\/site\/wp-content\/uploads\/2016\/06\/logoClinica_cmm.png\",\"contentUrl\":\"https:\/\/clinicamariomonteiro.com.br\/site\/wp-content\/uploads\/2016\/06\/logoClinica_cmm.png\",\"width\":340,\"height\":156,\"caption\":\"Cl\u00ednica Dr. M\u00e1rio Monteiro\"},\"image\":{\"@id\":\"https:\/\/clinicamariomonteiro.com.br\/site\/#\/schema\/logo\/image\/\"}}]}<\/script>\n<!-- \/ Yoast SEO plugin. -->","yoast_head_json":{"title":"Artigos - Cl\u00ednica M\u00e1rio Monteiro","robots":{"index":"index","follow":"follow","max-snippet":"max-snippet:-1","max-image-preview":"max-image-preview:large","max-video-preview":"max-video-preview:-1"},"canonical":"https:\/\/clinicamariomonteiro.com.br\/site\/artigos\/","og_locale":"pt_BR","og_type":"article","og_title":"Artigos - Cl\u00ednica M\u00e1rio Monteiro","og_url":"https:\/\/clinicamariomonteiro.com.br\/site\/artigos\/","og_site_name":"Cl\u00ednica M\u00e1rio Monteiro","article_modified_time":"2020-06-24T17:22:27+00:00","twitter_card":"summary_large_image","schema":{"@context":"https:\/\/schema.org","@graph":[{"@type":"WebPage","@id":"https:\/\/clinicamariomonteiro.com.br\/site\/artigos\/","url":"https:\/\/clinicamariomonteiro.com.br\/site\/artigos\/","name":"Artigos - Cl\u00ednica M\u00e1rio Monteiro","isPartOf":{"@id":"https:\/\/clinicamariomonteiro.com.br\/site\/#website"},"datePublished":"2020-06-22T16:01:58+00:00","dateModified":"2020-06-24T17:22:27+00:00","breadcrumb":{"@id":"https:\/\/clinicamariomonteiro.com.br\/site\/artigos\/#breadcrumb"},"inLanguage":"pt-BR","potentialAction":[{"@type":"ReadAction","target":["https:\/\/clinicamariomonteiro.com.br\/site\/artigos\/"]}]},{"@type":"BreadcrumbList","@id":"https:\/\/clinicamariomonteiro.com.br\/site\/artigos\/#breadcrumb","itemListElement":[{"@type":"ListItem","position":1,"name":"In\u00edcio","item":"https:\/\/clinicamariomonteiro.com.br\/site\/"},{"@type":"ListItem","position":2,"name":"Artigos"}]},{"@type":"WebSite","@id":"https:\/\/clinicamariomonteiro.com.br\/site\/#website","url":"https:\/\/clinicamariomonteiro.com.br\/site\/","name":"Cl\u00ednica M\u00e1rio Monteiro","description":"Cl\u00ednica de oftalmologia, neuroftalmologia e doen\u00e7as da \u00f3rbita","publisher":{"@id":"https:\/\/clinicamariomonteiro.com.br\/site\/#organization"},"potentialAction":[{"@type":"SearchAction","target":{"@type":"EntryPoint","urlTemplate":"https:\/\/clinicamariomonteiro.com.br\/site\/?s={search_term_string}"},"query-input":{"@type":"PropertyValueSpecification","valueRequired":true,"valueName":"search_term_string"}}],"inLanguage":"pt-BR"},{"@type":"Organization","@id":"https:\/\/clinicamariomonteiro.com.br\/site\/#organization","name":"Cl\u00ednica Dr. M\u00e1rio Monteiro","url":"https:\/\/clinicamariomonteiro.com.br\/site\/","logo":{"@type":"ImageObject","inLanguage":"pt-BR","@id":"https:\/\/clinicamariomonteiro.com.br\/site\/#\/schema\/logo\/image\/","url":"https:\/\/clinicamariomonteiro.com.br\/site\/wp-content\/uploads\/2016\/06\/logoClinica_cmm.png","contentUrl":"https:\/\/clinicamariomonteiro.com.br\/site\/wp-content\/uploads\/2016\/06\/logoClinica_cmm.png","width":340,"height":156,"caption":"Cl\u00ednica Dr. M\u00e1rio Monteiro"},"image":{"@id":"https:\/\/clinicamariomonteiro.com.br\/site\/#\/schema\/logo\/image\/"}}]}},"_links":{"self":[{"href":"https:\/\/clinicamariomonteiro.com.br\/site\/wp-json\/wp\/v2\/pages\/3828","targetHints":{"allow":["GET"]}}],"collection":[{"href":"https:\/\/clinicamariomonteiro.com.br\/site\/wp-json\/wp\/v2\/pages"}],"about":[{"href":"https:\/\/clinicamariomonteiro.com.br\/site\/wp-json\/wp\/v2\/types\/page"}],"author":[{"embeddable":true,"href":"https:\/\/clinicamariomonteiro.com.br\/site\/wp-json\/wp\/v2\/users\/3"}],"replies":[{"embeddable":true,"href":"https:\/\/clinicamariomonteiro.com.br\/site\/wp-json\/wp\/v2\/comments?post=3828"}],"version-history":[{"count":11,"href":"https:\/\/clinicamariomonteiro.com.br\/site\/wp-json\/wp\/v2\/pages\/3828\/revisions"}],"predecessor-version":[{"id":3870,"href":"https:\/\/clinicamariomonteiro.com.br\/site\/wp-json\/wp\/v2\/pages\/3828\/revisions\/3870"}],"wp:attachment":[{"href":"https:\/\/clinicamariomonteiro.com.br\/site\/wp-json\/wp\/v2\/media?parent=3828"}],"curies":[{"name":"wp","href":"https:\/\/api.w.org\/{rel}","templated":true}]}}